{"id":12666,"date":"2024-08-30T08:58:18","date_gmt":"2024-08-30T08:58:18","guid":{"rendered":"https:\/\/intellico.ai\/?page_id=12666"},"modified":"2024-08-30T09:13:03","modified_gmt":"2024-08-30T09:13:03","slug":"mappa-sito","status":"publish","type":"page","link":"https:\/\/intellico.ai\/it\/mappa-sito\/","title":{"rendered":"Mappa sito"},"content":{"rendered":"\t\t<div data-elementor-type=\"wp-page\" data-elementor-id=\"12666\" class=\"elementor elementor-12666\" data-elementor-post-type=\"page\">\n\t\t\t\t\t\t<section class=\"elementor-section elementor-top-section elementor-element elementor-element-5c03a6be elementor-section-height-min-height elementor-section-boxed elementor-section-height-default elementor-section-items-middle\" data-id=\"5c03a6be\" data-element_type=\"section\" data-settings=\"{&quot;background_background&quot;:&quot;classic&quot;}\">\n\t\t\t\t\t\t<div class=\"elementor-container elementor-column-gap-default\">\n\t\t\t\t\t<div class=\"elementor-column elementor-col-50 elementor-top-column elementor-element elementor-element-f072616\" data-id=\"f072616\" data-element_type=\"column\">\n\t\t\t<div class=\"elementor-widget-wrap elementor-element-populated\">\n\t\t\t\t\t\t<div class=\"elementor-element elementor-element-aa7d8c3 elementor-widget elementor-widget-heading\" data-id=\"aa7d8c3\" data-element_type=\"widget\" data-widget_type=\"heading.default\">\n\t\t\t\t<div class=\"elementor-widget-container\">\n\t\t\t\t\t<h1 class=\"elementor-heading-title elementor-size-default\">Mappa sito<\/h1>\t\t\t\t<\/div>\n\t\t\t\t<\/div>\n\t\t\t\t<div class=\"elementor-element elementor-element-b7896dd elementor-hidden-desktop elementor-hidden-tablet elementor-widget elementor-widget-spacer\" data-id=\"b7896dd\" data-element_type=\"widget\" data-widget_type=\"spacer.default\">\n\t\t\t\t<div class=\"elementor-widget-container\">\n\t\t\t\t\t\t\t<div class=\"elementor-spacer\">\n\t\t\t<div class=\"elementor-spacer-inner\"><\/div>\n\t\t<\/div>\n\t\t\t\t\t\t<\/div>\n\t\t\t\t<\/div>\n\t\t\t\t\t<\/div>\n\t\t<\/div>\n\t\t\t\t<div class=\"elementor-column elementor-col-50 elementor-top-column elementor-element elementor-element-c790975 elementor-hidden-mobile\" data-id=\"c790975\" data-element_type=\"column\">\n\t\t\t<div class=\"elementor-widget-wrap\">\n\t\t\t\t\t\t\t<\/div>\n\t\t<\/div>\n\t\t\t\t\t<\/div>\n\t\t<\/section>\n\t\t<div class=\"elementor-element elementor-element-49aa1268 e-con-full e-flex e-con e-parent\" data-id=\"49aa1268\" data-element_type=\"container\">\n\t\t\t\t<div class=\"elementor-element elementor-element-7e3cda8e elementor-widget elementor-widget-template\" data-id=\"7e3cda8e\" data-element_type=\"widget\" data-widget_type=\"template.default\">\n\t\t\t\t<div class=\"elementor-widget-container\">\n\t\t\t\t\t\t\t<div class=\"elementor-template\">\n\t\t\t\t\t<div data-elementor-type=\"section\" data-elementor-id=\"9684\" class=\"elementor elementor-9684 elementor-6212 elementor-6212\" data-elementor-post-type=\"elementor_library\">\n\t\t\t\t\t<section class=\"elementor-section elementor-top-section elementor-element elementor-element-615e9400 elementor-section-boxed elementor-section-height-default elementor-section-height-default\" data-id=\"615e9400\" data-element_type=\"section\" data-settings=\"{&quot;background_background&quot;:&quot;classic&quot;}\">\n\t\t\t\t\t\t<div class=\"elementor-container elementor-column-gap-default\">\n\t\t\t\t\t<div class=\"elementor-column elementor-col-50 elementor-top-column elementor-element elementor-element-3a64440\" data-id=\"3a64440\" data-element_type=\"column\">\n\t\t\t<div class=\"elementor-widget-wrap elementor-element-populated\">\n\t\t\t\t\t\t<div class=\"elementor-element elementor-element-2e3d460a elementor-widget elementor-widget-heading\" data-id=\"2e3d460a\" data-element_type=\"widget\" data-widget_type=\"heading.default\">\n\t\t\t\t<div class=\"elementor-widget-container\">\n\t\t\t\t\t<p class=\"elementor-heading-title elementor-size-default\">Necessiti maggiori informazioni? Non esitare a contattare il nostro team!\n\n<\/p>\t\t\t\t<\/div>\n\t\t\t\t<\/div>\n\t\t\t\t\t<\/div>\n\t\t<\/div>\n\t\t\t\t<div class=\"elementor-column elementor-col-50 elementor-top-column elementor-element elementor-element-33404a89\" data-id=\"33404a89\" data-element_type=\"column\">\n\t\t\t<div class=\"elementor-widget-wrap elementor-element-populated\">\n\t\t\t\t\t\t<div class=\"elementor-element elementor-element-21b7ddeb elementor-align-center elementor-widget elementor-widget-button\" data-id=\"21b7ddeb\" data-element_type=\"widget\" data-widget_type=\"button.default\">\n\t\t\t\t<div class=\"elementor-widget-container\">\n\t\t\t\t\t\t\t\t\t<div class=\"elementor-button-wrapper\">\n\t\t\t\t\t<a class=\"elementor-button elementor-button-link elementor-size-md\" href=\"https:\/\/intellico.ai\/it\/contatto-2\/\">\n\t\t\t\t\t\t<span class=\"elementor-button-content-wrapper\">\n\t\t\t\t\t\t\t\t\t<span class=\"elementor-button-text\">Contattaci <\/span>\n\t\t\t\t\t<\/span>\n\t\t\t\t\t<\/a>\n\t\t\t\t<\/div>\n\t\t\t\t\t\t\t\t<\/div>\n\t\t\t\t<\/div>\n\t\t\t\t\t<\/div>\n\t\t<\/div>\n\t\t\t\t\t<\/div>\n\t\t<\/section>\n\t\t\t\t<\/div>\n\t\t\t\t<\/div>\n\t\t\t\t\t\t<\/div>\n\t\t\t\t<\/div>\n\t\t\t\t<\/div>\n\t\t\t\t<section class=\"elementor-section elementor-top-section elementor-element elementor-element-3b785a92 elementor-section-boxed elementor-section-height-default elementor-section-height-default\" data-id=\"3b785a92\" data-element_type=\"section\" id=\"noi\">\n\t\t\t\t\t\t<div class=\"elementor-container elementor-column-gap-default\">\n\t\t\t\t\t<div class=\"elementor-column elementor-col-100 elementor-top-column elementor-element elementor-element-9472294\" data-id=\"9472294\" data-element_type=\"column\">\n\t\t\t<div class=\"elementor-widget-wrap elementor-element-populated\">\n\t\t\t\t\t\t<div class=\"elementor-element elementor-element-29721db8 elementor-align-left elementor-tablet-align-center elementor-hidden-desktop elementor-hidden-tablet elementor-widget elementor-widget-button\" data-id=\"29721db8\" data-element_type=\"widget\" data-widget_type=\"button.default\">\n\t\t\t\t<div class=\"elementor-widget-container\">\n\t\t\t\t\t\t\t\t\t<div class=\"elementor-button-wrapper\">\n\t\t\t\t\t<a class=\"elementor-button elementor-button-link elementor-size-lg\" href=\"#noi\">\n\t\t\t\t\t\t<span class=\"elementor-button-content-wrapper\">\n\t\t\t\t\t\t<span class=\"elementor-button-icon\">\n\t\t\t\t<svg aria-hidden=\"true\" class=\"e-font-icon-svg e-fas-arrow-down\" viewBox=\"0 0 448 512\" xmlns=\"http:\/\/www.w3.org\/2000\/svg\"><path d=\"M413.1 222.5l22.2 22.2c9.4 9.4 9.4 24.6 0 33.9L241 473c-9.4 9.4-24.6 9.4-33.9 0L12.7 278.6c-9.4-9.4-9.4-24.6 0-33.9l22.2-22.2c9.5-9.5 25-9.3 34.3.4L184 343.4V56c0-13.3 10.7-24 24-24h32c13.3 0 24 10.7 24 24v287.4l114.8-120.5c9.3-9.8 24.8-10 34.3-.4z\"><\/path><\/svg>\t\t\t<\/span>\n\t\t\t\t\t\t\t\t<\/span>\n\t\t\t\t\t<\/a>\n\t\t\t\t<\/div>\n\t\t\t\t\t\t\t\t<\/div>\n\t\t\t\t<\/div>\n\t\t\t\t\t<\/div>\n\t\t<\/div>\n\t\t\t\t\t<\/div>\n\t\t<\/section>\n\t\t\t\t<section class=\"elementor-section elementor-top-section elementor-element elementor-element-41550d5e elementor-reverse-mobile elementor-section-boxed elementor-section-height-default elementor-section-height-default\" data-id=\"41550d5e\" data-element_type=\"section\">\n\t\t\t\t\t\t<div class=\"elementor-container elementor-column-gap-default\">\n\t\t\t\t\t<div class=\"elementor-column elementor-col-100 elementor-top-column elementor-element elementor-element-280a9b09\" data-id=\"280a9b09\" data-element_type=\"column\">\n\t\t\t<div class=\"elementor-widget-wrap elementor-element-populated\">\n\t\t\t\t\t\t<div class=\"elementor-element elementor-element-26c4a7d4 elementor-widget elementor-widget-heading\" data-id=\"26c4a7d4\" data-element_type=\"widget\" data-widget_type=\"heading.default\">\n\t\t\t\t<div class=\"elementor-widget-container\">\n\t\t\t\t\t<h2 class=\"elementor-heading-title elementor-size-default\">Mappa del sito Intellico soluzioni AI \n<\/h2>\t\t\t\t<\/div>\n\t\t\t\t<\/div>\n\t\t\t\t\t<\/div>\n\t\t<\/div>\n\t\t\t\t\t<\/div>\n\t\t<\/section>\n\t\t\t\t<section class=\"elementor-section elementor-top-section elementor-element elementor-element-3c32a9fe elementor-section-boxed elementor-section-height-default elementor-section-height-default\" data-id=\"3c32a9fe\" data-element_type=\"section\">\n\t\t\t\t\t\t<div class=\"elementor-container elementor-column-gap-default\">\n\t\t\t\t\t<div class=\"elementor-column elementor-col-100 elementor-top-column elementor-element elementor-element-5488f3e3\" data-id=\"5488f3e3\" data-element_type=\"column\">\n\t\t\t<div class=\"elementor-widget-wrap elementor-element-populated\">\n\t\t\t\t\t\t<div class=\"elementor-element elementor-element-a951218 elementor-widget elementor-widget-heading\" data-id=\"a951218\" data-element_type=\"widget\" id=\"noi\" data-widget_type=\"heading.default\">\n\t\t\t\t<div class=\"elementor-widget-container\">\n\t\t\t\t\t<p class=\"elementor-heading-title elementor-size-default\">Benvenuto nella mappa del sito di Intellico.ai, il tuo punto di riferimento per navigare facilmente tra le diverse sezioni del nostro sito web. Qui troverai una panoramica completa di tutte le pagine e i contenuti che mettiamo a disposizione, per aiutarti a esplorare al meglio le nostre soluzioni di Intelligenza Artificiale, i nostri servizi innovativi e le risorse dedicate.<br>\n\nChe tu sia interessato a scoprire di pi\u00f9 su chi siamo, esplorare i nostri casi di studio, o accedere al nostro blog informativo, la mappa del sito ti guider\u00e0 passo dopo passo. Sfrutta questa risorsa per trovare rapidamente ci\u00f2 che ti interessa e immergerti nel mondo dell\u2019AI di Intellico.<\/p>\t\t\t\t<\/div>\n\t\t\t\t<\/div>\n\t\t\t\t<div class=\"elementor-element elementor-element-5ca178b9 elementor-widget elementor-widget-heading\" data-id=\"5ca178b9\" data-element_type=\"widget\" data-widget_type=\"heading.default\">\n\t\t\t\t<div class=\"elementor-widget-container\">\n\t\t\t\t\t<p class=\"elementor-heading-title elementor-size-default\"><a href=\"https:\/\/intellico.ai\/it\/\">Intelligenza artificiale per processi industriali<\/a><br>\n<a href=\"https:\/\/intellico.ai\/it\/piattaforme\/explainable-ai-engine-grapho\/\">Explainable AI<\/a><br>\n<a href=\"https:\/\/intellico.ai\/it\/piattaforme\/ai-generativa-automazione\/\">AI generativa e automazione<\/a><br>\n<a href=\"https:\/\/intellico.ai\/it\/piattaforme\/monitoraggio-e-valorizzazione-esg\/\"> Monitoraggio e valorizzazione indicatori ESG<\/a><br>\n<a href=\"https:\/\/intellico.ai\/it\/gestione-delle-attivita\/\">Ottimizzazione consumi energetici con ai<\/a><br>\n<a href=\"https:\/\/intellico.ai\/it\/piattaforme\/manutenzione-predittiva-e-gestione-degli-asset\/\">Manutenzione predittiva e asset management<\/a><br>\n<a href=\"https:\/\/intellico.ai\/it\/manutenzione-predittiva-delle-macchine-rotanti\/\">Manutenzione predittiva macchine rotanti<\/a><br>\n<a href=\"https:\/\/intellico.ai\/it\/fabbrica-intelligente\/migliorare-il-processo-di-manutenzione\/\"> Manutenzione predittiva impianti di produzione<\/a><br>\n<a href=\"https:\/\/intellico.ai\/it\/fabbrica-intelligente\/ottimizzazione-in-rs\/\">Ottimizzazione processi R&amp;S<\/a><br>\n<a href=\"https:\/\/intellico.ai\/it\/vendita-al-dettaglio-intelligente\/lintelligenza-artificiale-per-una-nuova-vendita-al-dettaglio\/\">Ottimizzazione edifici con Ai<\/a>\n\n<\/p>\t\t\t\t<\/div>\n\t\t\t\t<\/div>\n\t\t\t\t\t<\/div>\n\t\t<\/div>\n\t\t\t\t\t<\/div>\n\t\t<\/section>\n\t\t\t\t<\/div>\n\t\t","protected":false},"excerpt":{"rendered":"<p>Mappa sito Mappa del sito Intellico soluzioni AI Benvenuto nella mappa del sito di Intellico.ai, il tuo punto di riferimento per navigare facilmente tra le diverse sezioni del nostro sito web. Qui troverai una panoramica completa di tutte le pagine e i contenuti che mettiamo a disposizione, per aiutarti a esplorare al meglio le nostre [&hellip;]<\/p>\n","protected":false},"author":1,"featured_media":0,"parent":0,"menu_order":0,"comment_status":"closed","ping_status":"closed","template":"elementor_header_footer","meta":{"footnotes":""},"class_list":["post-12666","page","type-page","status-publish","hentry"],"yoast_head":"<!-- This site is optimized with the Yoast SEO plugin v26.7 - https:\/\/yoast.com\/wordpress\/plugins\/seo\/ -->\n<title>Mappa sito<\/title>\n<meta name=\"description\" content=\"Mappa sito\" \/>\n<meta name=\"robots\" content=\"index, follow, max-snippet:-1, max-image-preview:large, max-video-preview:-1\" \/>\n<link rel=\"canonical\" href=\"https:\/\/intellico.ai\/it\/chi-siamo\/\" \/>\n<meta property=\"og:locale\" content=\"it_IT\" \/>\n<meta property=\"og:type\" content=\"article\" \/>\n<meta property=\"og:title\" content=\"Mappa sito\" \/>\n<meta property=\"og:description\" content=\"Mappa sito\" \/>\n<meta property=\"og:url\" content=\"https:\/\/intellico.ai\/it\/chi-siamo\/\" \/>\n<meta property=\"og:site_name\" content=\"Intellico\" \/>\n<meta property=\"article:modified_time\" content=\"2024-08-30T09:13:03+00:00\" \/>\n<meta name=\"twitter:card\" content=\"summary_large_image\" \/>\n<meta name=\"twitter:label1\" content=\"Tempo di lettura stimato\" \/>\n\t<meta name=\"twitter:data1\" content=\"1 minuto\" \/>\n<script type=\"application\/ld+json\" class=\"yoast-schema-graph\">{\"@context\":\"https:\/\/schema.org\",\"@graph\":[{\"@type\":\"WebPage\",\"@id\":\"https:\/\/intellico.ai\/it\/mappa-sito\/\",\"url\":\"https:\/\/intellico.ai\/it\/chi-siamo\/\",\"name\":\"Mappa sito\",\"isPartOf\":{\"@id\":\"https:\/\/intellico.ai\/#website\"},\"datePublished\":\"2024-08-30T08:58:18+00:00\",\"dateModified\":\"2024-08-30T09:13:03+00:00\",\"description\":\"Mappa sito\",\"breadcrumb\":{\"@id\":\"https:\/\/intellico.ai\/it\/chi-siamo\/#breadcrumb\"},\"inLanguage\":\"it-IT\",\"potentialAction\":[{\"@type\":\"ReadAction\",\"target\":[\"https:\/\/intellico.ai\/it\/chi-siamo\/\"]}]},{\"@type\":\"BreadcrumbList\",\"@id\":\"https:\/\/intellico.ai\/it\/chi-siamo\/#breadcrumb\",\"itemListElement\":[{\"@type\":\"ListItem\",\"position\":1,\"name\":\"Home\",\"item\":\"https:\/\/intellico.ai\/it\/\"},{\"@type\":\"ListItem\",\"position\":2,\"name\":\"Mappa sito\"}]},{\"@type\":\"WebSite\",\"@id\":\"https:\/\/intellico.ai\/#website\",\"url\":\"https:\/\/intellico.ai\/\",\"name\":\"Intellico\",\"description\":\"\",\"potentialAction\":[{\"@type\":\"SearchAction\",\"target\":{\"@type\":\"EntryPoint\",\"urlTemplate\":\"https:\/\/intellico.ai\/?s={search_term_string}\"},\"query-input\":{\"@type\":\"PropertyValueSpecification\",\"valueRequired\":true,\"valueName\":\"search_term_string\"}}],\"inLanguage\":\"it-IT\"}]}<\/script>\n<!-- \/ Yoast SEO plugin. -->","yoast_head_json":{"title":"Mappa sito","description":"Mappa sito","robots":{"index":"index","follow":"follow","max-snippet":"max-snippet:-1","max-image-preview":"max-image-preview:large","max-video-preview":"max-video-preview:-1"},"canonical":"https:\/\/intellico.ai\/it\/chi-siamo\/","og_locale":"it_IT","og_type":"article","og_title":"Mappa sito","og_description":"Mappa sito","og_url":"https:\/\/intellico.ai\/it\/chi-siamo\/","og_site_name":"Intellico","article_modified_time":"2024-08-30T09:13:03+00:00","twitter_card":"summary_large_image","twitter_misc":{"Tempo di lettura stimato":"1 minuto"},"schema":{"@context":"https:\/\/schema.org","@graph":[{"@type":"WebPage","@id":"https:\/\/intellico.ai\/it\/mappa-sito\/","url":"https:\/\/intellico.ai\/it\/chi-siamo\/","name":"Mappa sito","isPartOf":{"@id":"https:\/\/intellico.ai\/#website"},"datePublished":"2024-08-30T08:58:18+00:00","dateModified":"2024-08-30T09:13:03+00:00","description":"Mappa sito","breadcrumb":{"@id":"https:\/\/intellico.ai\/it\/chi-siamo\/#breadcrumb"},"inLanguage":"it-IT","potentialAction":[{"@type":"ReadAction","target":["https:\/\/intellico.ai\/it\/chi-siamo\/"]}]},{"@type":"BreadcrumbList","@id":"https:\/\/intellico.ai\/it\/chi-siamo\/#breadcrumb","itemListElement":[{"@type":"ListItem","position":1,"name":"Home","item":"https:\/\/intellico.ai\/it\/"},{"@type":"ListItem","position":2,"name":"Mappa sito"}]},{"@type":"WebSite","@id":"https:\/\/intellico.ai\/#website","url":"https:\/\/intellico.ai\/","name":"Intellico","description":"","potentialAction":[{"@type":"SearchAction","target":{"@type":"EntryPoint","urlTemplate":"https:\/\/intellico.ai\/?s={search_term_string}"},"query-input":{"@type":"PropertyValueSpecification","valueRequired":true,"valueName":"search_term_string"}}],"inLanguage":"it-IT"}]}},"_links":{"self":[{"href":"https:\/\/intellico.ai\/it\/wp-json\/wp\/v2\/pages\/12666","targetHints":{"allow":["GET"]}}],"collection":[{"href":"https:\/\/intellico.ai\/it\/wp-json\/wp\/v2\/pages"}],"about":[{"href":"https:\/\/intellico.ai\/it\/wp-json\/wp\/v2\/types\/page"}],"author":[{"embeddable":true,"href":"https:\/\/intellico.ai\/it\/wp-json\/wp\/v2\/users\/1"}],"replies":[{"embeddable":true,"href":"https:\/\/intellico.ai\/it\/wp-json\/wp\/v2\/comments?post=12666"}],"version-history":[{"count":7,"href":"https:\/\/intellico.ai\/it\/wp-json\/wp\/v2\/pages\/12666\/revisions"}],"predecessor-version":[{"id":12674,"href":"https:\/\/intellico.ai\/it\/wp-json\/wp\/v2\/pages\/12666\/revisions\/12674"}],"wp:attachment":[{"href":"https:\/\/intellico.ai\/it\/wp-json\/wp\/v2\/media?parent=12666"}],"curies":[{"name":"wp","href":"https:\/\/api.w.org\/{rel}","templated":true}]}}