{"id":9592,"date":"2022-10-19T09:07:47","date_gmt":"2022-10-19T09:07:47","guid":{"rendered":"https:\/\/intellico.ai\/fabbrica-intelligente\/migliorare-il-processo-di-manutenzione\/"},"modified":"2024-04-08T09:56:44","modified_gmt":"2024-04-08T09:56:44","slug":"migliorare-il-processo-di-manutenzione","status":"publish","type":"page","link":"https:\/\/intellico.ai\/it\/fabbrica-intelligente\/migliorare-il-processo-di-manutenzione\/","title":{"rendered":"Miglioramento del processo di manutenzione"},"content":{"rendered":"\t\t<div data-elementor-type=\"wp-page\" data-elementor-id=\"9592\" class=\"elementor elementor-9592\" data-elementor-post-type=\"page\">\n\t\t\t\t\t\t<section class=\"elementor-section elementor-top-section elementor-element elementor-element-dea0915 elementor-section-height-min-height elementor-section-boxed elementor-section-height-default elementor-section-items-middle\" data-id=\"dea0915\" data-element_type=\"section\" data-settings=\"{&quot;background_background&quot;:&quot;classic&quot;}\">\n\t\t\t\t\t\t<div class=\"elementor-container elementor-column-gap-default\">\n\t\t\t\t\t<div class=\"elementor-column elementor-col-50 elementor-top-column elementor-element elementor-element-81d72c5\" data-id=\"81d72c5\" data-element_type=\"column\">\n\t\t\t<div class=\"elementor-widget-wrap elementor-element-populated\">\n\t\t\t\t\t\t<div class=\"elementor-element elementor-element-5253e61 elementor-widget elementor-widget-heading\" data-id=\"5253e61\" data-element_type=\"widget\" data-widget_type=\"heading.default\">\n\t\t\t\t<div class=\"elementor-widget-container\">\n\t\t\t\t\t<h1 class=\"elementor-heading-title elementor-size-default\">Manutenzione predittiva negli impianti di produzione<\/h1>\t\t\t\t<\/div>\n\t\t\t\t<\/div>\n\t\t\t\t<div class=\"elementor-element elementor-element-8bc274b elementor-hidden-desktop elementor-hidden-tablet elementor-widget elementor-widget-spacer\" data-id=\"8bc274b\" data-element_type=\"widget\" data-widget_type=\"spacer.default\">\n\t\t\t\t<div class=\"elementor-widget-container\">\n\t\t\t\t\t\t\t<div class=\"elementor-spacer\">\n\t\t\t<div class=\"elementor-spacer-inner\"><\/div>\n\t\t<\/div>\n\t\t\t\t\t\t<\/div>\n\t\t\t\t<\/div>\n\t\t\t\t\t<\/div>\n\t\t<\/div>\n\t\t\t\t<div class=\"elementor-column elementor-col-50 elementor-top-column elementor-element elementor-element-7db2034 elementor-hidden-mobile\" data-id=\"7db2034\" data-element_type=\"column\">\n\t\t\t<div class=\"elementor-widget-wrap\">\n\t\t\t\t\t\t\t<\/div>\n\t\t<\/div>\n\t\t\t\t\t<\/div>\n\t\t<\/section>\n\t\t<div class=\"elementor-element elementor-element-80233f6 e-con-full e-flex e-con e-parent\" data-id=\"80233f6\" data-element_type=\"container\">\n\t\t\t\t<div class=\"elementor-element elementor-element-a7931cd elementor-widget elementor-widget-template\" data-id=\"a7931cd\" data-element_type=\"widget\" data-widget_type=\"template.default\">\n\t\t\t\t<div class=\"elementor-widget-container\">\n\t\t\t\t\t\t\t<div class=\"elementor-template\">\n\t\t\t\t\t<div data-elementor-type=\"section\" data-elementor-id=\"9684\" class=\"elementor elementor-9684 elementor-6212 elementor-6212\" data-elementor-post-type=\"elementor_library\">\n\t\t\t\t\t<section class=\"elementor-section elementor-top-section elementor-element elementor-element-615e9400 elementor-section-boxed elementor-section-height-default elementor-section-height-default\" data-id=\"615e9400\" data-element_type=\"section\" data-settings=\"{&quot;background_background&quot;:&quot;classic&quot;}\">\n\t\t\t\t\t\t<div class=\"elementor-container elementor-column-gap-default\">\n\t\t\t\t\t<div class=\"elementor-column elementor-col-50 elementor-top-column elementor-element elementor-element-3a64440\" data-id=\"3a64440\" data-element_type=\"column\">\n\t\t\t<div class=\"elementor-widget-wrap elementor-element-populated\">\n\t\t\t\t\t\t<div class=\"elementor-element elementor-element-2e3d460a elementor-widget elementor-widget-heading\" data-id=\"2e3d460a\" data-element_type=\"widget\" data-widget_type=\"heading.default\">\n\t\t\t\t<div class=\"elementor-widget-container\">\n\t\t\t\t\t<p class=\"elementor-heading-title elementor-size-default\">Necessiti maggiori informazioni? Non esitare a contattare il nostro team!\n\n<\/p>\t\t\t\t<\/div>\n\t\t\t\t<\/div>\n\t\t\t\t\t<\/div>\n\t\t<\/div>\n\t\t\t\t<div class=\"elementor-column elementor-col-50 elementor-top-column elementor-element elementor-element-33404a89\" data-id=\"33404a89\" data-element_type=\"column\">\n\t\t\t<div class=\"elementor-widget-wrap elementor-element-populated\">\n\t\t\t\t\t\t<div class=\"elementor-element elementor-element-21b7ddeb elementor-align-center elementor-widget elementor-widget-button\" data-id=\"21b7ddeb\" data-element_type=\"widget\" data-widget_type=\"button.default\">\n\t\t\t\t<div class=\"elementor-widget-container\">\n\t\t\t\t\t\t\t\t\t<div class=\"elementor-button-wrapper\">\n\t\t\t\t\t<a class=\"elementor-button elementor-button-link elementor-size-md\" href=\"https:\/\/intellico.ai\/it\/contatto-2\/\">\n\t\t\t\t\t\t<span class=\"elementor-button-content-wrapper\">\n\t\t\t\t\t\t\t\t\t<span class=\"elementor-button-text\">Contattaci <\/span>\n\t\t\t\t\t<\/span>\n\t\t\t\t\t<\/a>\n\t\t\t\t<\/div>\n\t\t\t\t\t\t\t\t<\/div>\n\t\t\t\t<\/div>\n\t\t\t\t\t<\/div>\n\t\t<\/div>\n\t\t\t\t\t<\/div>\n\t\t<\/section>\n\t\t\t\t<\/div>\n\t\t\t\t<\/div>\n\t\t\t\t\t\t<\/div>\n\t\t\t\t<\/div>\n\t\t\t\t<\/div>\n\t\t\t\t<section class=\"elementor-section elementor-top-section elementor-element elementor-element-378dbeb elementor-reverse-mobile elementor-section-boxed elementor-section-height-default elementor-section-height-default\" data-id=\"378dbeb\" data-element_type=\"section\">\n\t\t\t\t\t\t<div class=\"elementor-container elementor-column-gap-default\">\n\t\t\t\t\t<div class=\"elementor-column elementor-col-100 elementor-top-column elementor-element elementor-element-d749b85\" data-id=\"d749b85\" data-element_type=\"column\">\n\t\t\t<div class=\"elementor-widget-wrap elementor-element-populated\">\n\t\t\t\t\t\t<div class=\"elementor-element elementor-element-abca809 elementor-align-left elementor-tablet-align-center elementor-hidden-desktop elementor-hidden-tablet elementor-widget elementor-widget-button\" data-id=\"abca809\" data-element_type=\"widget\" data-widget_type=\"button.default\">\n\t\t\t\t<div class=\"elementor-widget-container\">\n\t\t\t\t\t\t\t\t\t<div class=\"elementor-button-wrapper\">\n\t\t\t\t\t<a class=\"elementor-button elementor-button-link elementor-size-lg\" href=\"#noi\">\n\t\t\t\t\t\t<span class=\"elementor-button-content-wrapper\">\n\t\t\t\t\t\t<span class=\"elementor-button-icon\">\n\t\t\t\t<svg aria-hidden=\"true\" class=\"e-font-icon-svg e-fas-arrow-down\" viewBox=\"0 0 448 512\" xmlns=\"http:\/\/www.w3.org\/2000\/svg\"><path d=\"M413.1 222.5l22.2 22.2c9.4 9.4 9.4 24.6 0 33.9L241 473c-9.4 9.4-24.6 9.4-33.9 0L12.7 278.6c-9.4-9.4-9.4-24.6 0-33.9l22.2-22.2c9.5-9.5 25-9.3 34.3.4L184 343.4V56c0-13.3 10.7-24 24-24h32c13.3 0 24 10.7 24 24v287.4l114.8-120.5c9.3-9.8 24.8-10 34.3-.4z\"><\/path><\/svg>\t\t\t<\/span>\n\t\t\t\t\t\t\t\t<\/span>\n\t\t\t\t\t<\/a>\n\t\t\t\t<\/div>\n\t\t\t\t\t\t\t\t<\/div>\n\t\t\t\t<\/div>\n\t\t\t\t<div class=\"elementor-element elementor-element-d5c6915 elementor-widget elementor-widget-heading\" data-id=\"d5c6915\" data-element_type=\"widget\" id=\"noi\" data-widget_type=\"heading.default\">\n\t\t\t\t<div class=\"elementor-widget-container\">\n\t\t\t\t\t<h2 class=\"elementor-heading-title elementor-size-default\">Miglioramento del processo di manutenzione<\/h2>\t\t\t\t<\/div>\n\t\t\t\t<\/div>\n\t\t\t\t\t<\/div>\n\t\t<\/div>\n\t\t\t\t\t<\/div>\n\t\t<\/section>\n\t\t\t\t<section class=\"elementor-section elementor-top-section elementor-element elementor-element-794e3c2 elementor-section-boxed elementor-section-height-default elementor-section-height-default\" data-id=\"794e3c2\" data-element_type=\"section\">\n\t\t\t\t\t\t<div class=\"elementor-container elementor-column-gap-default\">\n\t\t\t\t\t<div class=\"elementor-column elementor-col-100 elementor-top-column elementor-element elementor-element-0ad6923\" data-id=\"0ad6923\" data-element_type=\"column\">\n\t\t\t<div class=\"elementor-widget-wrap elementor-element-populated\">\n\t\t\t\t\t\t<div class=\"elementor-element elementor-element-e5237d2 elementor-widget elementor-widget-heading\" data-id=\"e5237d2\" data-element_type=\"widget\" data-widget_type=\"heading.default\">\n\t\t\t\t<div class=\"elementor-widget-container\">\n\t\t\t\t\t<p class=\"elementor-heading-title elementor-size-default\">Diversi problemi nascosti affliggono le aziende industriali: i problemi relativi alle loro attrezzature causano inconvenienti sia operativi che economici. I tempi di inattivit\u00e0 non programmati costano ai produttori industriali <b>circa 50 miliardi di dollari all'anno,<\/b> mentre i guasti alle apparecchiature sono la causa del 42% di questi tempi di inattivit\u00e0 non programmati. Per risolvere questo problema, \u00e8 necessario un approccio proattivo: <b>la manutenzione delle apparecchiature \u00e8 diventata un'attivit\u00e0 cruciale,<\/b> poich\u00e9 un'apparecchiatura poco performante causa danni all'intera azienda. Intellico ha gi\u00e0 completato applicazioni in questo campo, ottenendo diversi vantaggi. <\/p>\t\t\t\t<\/div>\n\t\t\t\t<\/div>\n\t\t\t\t\t<\/div>\n\t\t<\/div>\n\t\t\t\t\t<\/div>\n\t\t<\/section>\n\t\t\t\t<section class=\"elementor-section elementor-top-section elementor-element elementor-element-3fe3624 elementor-section-boxed elementor-section-height-default elementor-section-height-default\" data-id=\"3fe3624\" data-element_type=\"section\">\n\t\t\t\t\t\t<div class=\"elementor-container elementor-column-gap-default\">\n\t\t\t\t\t<div class=\"elementor-column elementor-col-50 elementor-top-column elementor-element elementor-element-58851d3\" data-id=\"58851d3\" data-element_type=\"column\" data-settings=\"{&quot;background_background&quot;:&quot;classic&quot;}\">\n\t\t\t<div class=\"elementor-widget-wrap elementor-element-populated\">\n\t\t\t\t\t\t<div class=\"elementor-element elementor-element-b613d5a elementor-hidden-desktop elementor-widget elementor-widget-spacer\" data-id=\"b613d5a\" data-element_type=\"widget\" data-widget_type=\"spacer.default\">\n\t\t\t\t<div class=\"elementor-widget-container\">\n\t\t\t\t\t\t\t<div class=\"elementor-spacer\">\n\t\t\t<div class=\"elementor-spacer-inner\"><\/div>\n\t\t<\/div>\n\t\t\t\t\t\t<\/div>\n\t\t\t\t<\/div>\n\t\t\t\t\t<\/div>\n\t\t<\/div>\n\t\t\t\t<div class=\"elementor-column elementor-col-50 elementor-top-column elementor-element elementor-element-fd795e2\" data-id=\"fd795e2\" data-element_type=\"column\" data-settings=\"{&quot;background_background&quot;:&quot;classic&quot;}\">\n\t\t\t<div class=\"elementor-widget-wrap elementor-element-populated\">\n\t\t\t\t\t\t<div class=\"elementor-element elementor-element-45cc914 elementor-widget elementor-widget-text-editor\" data-id=\"45cc914\" data-element_type=\"widget\" data-widget_type=\"text-editor.default\">\n\t\t\t\t<div class=\"elementor-widget-container\">\n\t\t\t\t\t\t\t\t\t<p>Inoltre, \u00e8 importante capire qual \u00e8 la differenza tra manutenzione reattiva, preventiva e predittiva.<\/p><ul><li>La <strong>manutenzione reattiva<\/strong> avviene sempre dopo che si \u00e8 verificata una situazione.<\/li><li>La <strong>manutenzione preventiva<\/strong> avviene in momenti prestabiliti, spesso con largo anticipo.<\/li><li>La <strong>manutenzione predittiva<\/strong>, invece, \u00e8 una strategia di manutenzione proattiva che analizza i dati e suggerisce modifiche alla produzione, alla programmazione e alla manutenzione per prevenire i guasti ed evitare i fermi macchina in futuro.<\/li><\/ul><p>\u00a0<\/p><p>Nella manutenzione predittiva, i dati storici delle macchine e dei processi vengono trasformati in informazioni che costituiscono la base per analizzare e migliorare i processi di manutenzione. La manutenzione predittiva avviene in tempo reale, esattamente quando e dove \u00e8 necessaria.<\/p>\t\t\t\t\t\t\t\t<\/div>\n\t\t\t\t<\/div>\n\t\t\t\t\t<\/div>\n\t\t<\/div>\n\t\t\t\t\t<\/div>\n\t\t<\/section>\n\t\t<div class=\"elementor-element elementor-element-2819b7d e-con-full e-flex e-con e-parent\" data-id=\"2819b7d\" data-element_type=\"container\">\n\t\t\t\t<div class=\"elementor-element elementor-element-440d7fd elementor-widget elementor-widget-template\" data-id=\"440d7fd\" data-element_type=\"widget\" data-widget_type=\"template.default\">\n\t\t\t\t<div class=\"elementor-widget-container\">\n\t\t\t\t\t\t\t<div class=\"elementor-template\">\n\t\t\t\t\t<div data-elementor-type=\"section\" data-elementor-id=\"9687\" class=\"elementor elementor-9687 elementor-6224 elementor-6224\" data-elementor-post-type=\"elementor_library\">\n\t\t\t\t\t<section class=\"elementor-section elementor-top-section elementor-element elementor-element-34a96347 elementor-section-boxed elementor-section-height-default elementor-section-height-default\" data-id=\"34a96347\" data-element_type=\"section\" data-settings=\"{&quot;background_background&quot;:&quot;classic&quot;}\">\n\t\t\t\t\t\t<div class=\"elementor-container elementor-column-gap-default\">\n\t\t\t\t\t<div class=\"elementor-column elementor-col-100 elementor-top-column elementor-element elementor-element-39171887\" data-id=\"39171887\" data-element_type=\"column\">\n\t\t\t<div class=\"elementor-widget-wrap elementor-element-populated\">\n\t\t\t\t\t\t<section class=\"elementor-section elementor-inner-section elementor-element elementor-element-7af47a1 elementor-section-boxed elementor-section-height-default elementor-section-height-default\" data-id=\"7af47a1\" data-element_type=\"section\">\n\t\t\t\t\t\t<div class=\"elementor-container elementor-column-gap-default\">\n\t\t\t\t\t<div class=\"elementor-column elementor-col-100 elementor-inner-column elementor-element elementor-element-27848cfc\" data-id=\"27848cfc\" data-element_type=\"column\">\n\t\t\t<div class=\"elementor-widget-wrap elementor-element-populated\">\n\t\t\t\t\t\t<div class=\"elementor-element elementor-element-70ac9193 elementor-widget elementor-widget-image\" data-id=\"70ac9193\" data-element_type=\"widget\" data-widget_type=\"image.default\">\n\t\t\t\t<div class=\"elementor-widget-container\">\n\t\t\t\t\t\t\t\t\t\t\t\t\t\t\t<img fetchpriority=\"high\" decoding=\"async\" width=\"702\" height=\"85\" src=\"https:\/\/intellico.ai\/wp-content\/uploads\/2023\/01\/33.png\" class=\"attachment-full size-full wp-image-9414\" alt=\"\" srcset=\"https:\/\/intellico.ai\/wp-content\/uploads\/2023\/01\/33.png 702w, https:\/\/intellico.ai\/wp-content\/uploads\/2023\/01\/33-300x36.png 300w\" sizes=\"(max-width: 702px) 100vw, 702px\" \/>\t\t\t\t\t\t\t\t\t\t\t\t\t\t\t<\/div>\n\t\t\t\t<\/div>\n\t\t\t\t\t<\/div>\n\t\t<\/div>\n\t\t\t\t\t<\/div>\n\t\t<\/section>\n\t\t\t\t<section class=\"elementor-section elementor-inner-section elementor-element elementor-element-7caf8a8a elementor-section-boxed elementor-section-height-default elementor-section-height-default\" data-id=\"7caf8a8a\" data-element_type=\"section\">\n\t\t\t\t\t\t<div class=\"elementor-container elementor-column-gap-default\">\n\t\t\t\t\t<div class=\"elementor-column elementor-col-100 elementor-inner-column elementor-element elementor-element-71698c35\" data-id=\"71698c35\" data-element_type=\"column\" data-settings=\"{&quot;background_background&quot;:&quot;classic&quot;}\">\n\t\t\t<div class=\"elementor-widget-wrap elementor-element-populated\">\n\t\t\t\t\t\t<div class=\"elementor-element elementor-element-67ed51f6 elementor-widget elementor-widget-heading\" data-id=\"67ed51f6\" data-element_type=\"widget\" data-widget_type=\"heading.default\">\n\t\t\t\t<div class=\"elementor-widget-container\">\n\t\t\t\t\t<p class=\"elementor-heading-title elementor-size-default\">La vostra azienda \u00e8 pronta per l'Intelligenza Artificiale?<\/p>\t\t\t\t<\/div>\n\t\t\t\t<\/div>\n\t\t\t\t<div class=\"elementor-element elementor-element-3e95a8dc elementor-widget elementor-widget-text-editor\" data-id=\"3e95a8dc\" data-element_type=\"widget\" data-widget_type=\"text-editor.default\">\n\t\t\t\t<div class=\"elementor-widget-container\">\n\t\t\t\t\t\t\t\t\t<p>State investendo nei giusti input? State ottendendo output di valore? Valutare la propria preparazione in materia di IA<br \/>oggi gratuitamente in meno di 10 minuti.<\/p>\n\t\t\t\t\t\t\t\t<\/div>\n\t\t\t\t<\/div>\n\t\t\t\t<div class=\"elementor-element elementor-element-51fda38a elementor-align-center elementor-widget elementor-widget-button\" data-id=\"51fda38a\" data-element_type=\"widget\" data-widget_type=\"button.default\">\n\t\t\t\t<div class=\"elementor-widget-container\">\n\t\t\t\t\t\t\t\t\t<div class=\"elementor-button-wrapper\">\n\t\t\t\t\t<a class=\"elementor-button elementor-button-link elementor-size-lg\" href=\"https:\/\/intellico.ai\/it\/strumento-diagnostico-ai\/\">\n\t\t\t\t\t\t<span class=\"elementor-button-content-wrapper\">\n\t\t\t\t\t\t\t\t\t<span class=\"elementor-button-text\">AI DIAGNOSTIC TOOL<\/span>\n\t\t\t\t\t<\/span>\n\t\t\t\t\t<\/a>\n\t\t\t\t<\/div>\n\t\t\t\t\t\t\t\t<\/div>\n\t\t\t\t<\/div>\n\t\t\t\t\t<\/div>\n\t\t<\/div>\n\t\t\t\t\t<\/div>\n\t\t<\/section>\n\t\t\t\t\t<\/div>\n\t\t<\/div>\n\t\t\t\t\t<\/div>\n\t\t<\/section>\n\t\t\t\t<\/div>\n\t\t\t\t<\/div>\n\t\t\t\t\t\t<\/div>\n\t\t\t\t<\/div>\n\t\t\t\t<\/div>\n\t\t\t\t<\/div>\n\t\t","protected":false},"excerpt":{"rendered":"<p>Manutenzione predittiva negli impianti di produzione Miglioramento del processo di manutenzione Diversi problemi nascosti affliggono le aziende industriali: i problemi relativi alle loro attrezzature causano inconvenienti sia operativi che economici. I tempi di inattivit\u00e0 non programmati costano ai produttori industriali circa 50 miliardi di dollari all&#8217;anno, mentre i guasti alle apparecchiature sono la causa del [&hellip;]<\/p>\n","protected":false},"author":1,"featured_media":9453,"parent":9501,"menu_order":0,"comment_status":"closed","ping_status":"closed","template":"","meta":{"footnotes":""},"class_list":["post-9592","page","type-page","status-publish","has-post-thumbnail","hentry"],"yoast_head":"<!-- This site is optimized with the Yoast SEO plugin v26.7 - https:\/\/yoast.com\/wordpress\/plugins\/seo\/ -->\n<title>Manutenzione predittiva impianti di produzione - Intellico<\/title>\n<meta name=\"description\" content=\"Ottieni prestazioni ottimali e riduci i tempi di fermo con la manutenzione predittiva di Intellico per gli impianti di produzione.\" \/>\n<meta name=\"robots\" content=\"index, follow, max-snippet:-1, max-image-preview:large, max-video-preview:-1\" \/>\n<link rel=\"canonical\" href=\"https:\/\/intellico.ai\/it\/fabbrica-intelligente\/migliorare-il-processo-di-manutenzione\/\" \/>\n<meta property=\"og:locale\" content=\"it_IT\" \/>\n<meta property=\"og:type\" content=\"article\" \/>\n<meta property=\"og:title\" content=\"Manutenzione predittiva impianti di produzione - Intellico\" \/>\n<meta property=\"og:description\" content=\"Ottieni prestazioni ottimali e riduci i tempi di fermo con la manutenzione predittiva di Intellico per gli impianti di produzione.\" \/>\n<meta property=\"og:url\" content=\"https:\/\/intellico.ai\/it\/fabbrica-intelligente\/migliorare-il-processo-di-manutenzione\/\" \/>\n<meta property=\"og:site_name\" content=\"Intellico\" \/>\n<meta property=\"article:modified_time\" content=\"2024-04-08T09:56:44+00:00\" \/>\n<meta property=\"og:image\" content=\"https:\/\/intellico.ai\/wp-content\/uploads\/2023\/02\/Improving-maintenance-process.png\" \/>\n\t<meta property=\"og:image:width\" content=\"1250\" \/>\n\t<meta property=\"og:image:height\" content=\"829\" \/>\n\t<meta property=\"og:image:type\" content=\"image\/png\" \/>\n<meta name=\"twitter:card\" content=\"summary_large_image\" \/>\n<meta name=\"twitter:label1\" content=\"Tempo di lettura stimato\" \/>\n\t<meta name=\"twitter:data1\" content=\"3 minuti\" \/>\n<script type=\"application\/ld+json\" class=\"yoast-schema-graph\">{\"@context\":\"https:\/\/schema.org\",\"@graph\":[{\"@type\":\"WebPage\",\"@id\":\"https:\/\/intellico.ai\/it\/fabbrica-intelligente\/migliorare-il-processo-di-manutenzione\/\",\"url\":\"https:\/\/intellico.ai\/it\/fabbrica-intelligente\/migliorare-il-processo-di-manutenzione\/\",\"name\":\"Manutenzione predittiva impianti di produzione - Intellico\",\"isPartOf\":{\"@id\":\"https:\/\/intellico.ai\/#website\"},\"primaryImageOfPage\":{\"@id\":\"https:\/\/intellico.ai\/it\/fabbrica-intelligente\/migliorare-il-processo-di-manutenzione\/#primaryimage\"},\"image\":{\"@id\":\"https:\/\/intellico.ai\/it\/fabbrica-intelligente\/migliorare-il-processo-di-manutenzione\/#primaryimage\"},\"thumbnailUrl\":\"https:\/\/intellico.ai\/wp-content\/uploads\/2023\/02\/Improving-maintenance-process.png\",\"datePublished\":\"2022-10-19T09:07:47+00:00\",\"dateModified\":\"2024-04-08T09:56:44+00:00\",\"description\":\"Ottieni prestazioni ottimali e riduci i tempi di fermo con la manutenzione predittiva di Intellico per gli impianti di produzione.\",\"breadcrumb\":{\"@id\":\"https:\/\/intellico.ai\/it\/fabbrica-intelligente\/migliorare-il-processo-di-manutenzione\/#breadcrumb\"},\"inLanguage\":\"it-IT\",\"potentialAction\":[{\"@type\":\"ReadAction\",\"target\":[\"https:\/\/intellico.ai\/it\/fabbrica-intelligente\/migliorare-il-processo-di-manutenzione\/\"]}]},{\"@type\":\"ImageObject\",\"inLanguage\":\"it-IT\",\"@id\":\"https:\/\/intellico.ai\/it\/fabbrica-intelligente\/migliorare-il-processo-di-manutenzione\/#primaryimage\",\"url\":\"https:\/\/intellico.ai\/wp-content\/uploads\/2023\/02\/Improving-maintenance-process.png\",\"contentUrl\":\"https:\/\/intellico.ai\/wp-content\/uploads\/2023\/02\/Improving-maintenance-process.png\",\"width\":1250,\"height\":829,\"caption\":\"Predictive Maintenance\"},{\"@type\":\"BreadcrumbList\",\"@id\":\"https:\/\/intellico.ai\/it\/fabbrica-intelligente\/migliorare-il-processo-di-manutenzione\/#breadcrumb\",\"itemListElement\":[{\"@type\":\"ListItem\",\"position\":1,\"name\":\"Home\",\"item\":\"https:\/\/intellico.ai\/it\/\"},{\"@type\":\"ListItem\",\"position\":2,\"name\":\"Smart Factory\",\"item\":\"https:\/\/intellico.ai\/it\/fabbrica-intelligente\/\"},{\"@type\":\"ListItem\",\"position\":3,\"name\":\"Miglioramento del processo di manutenzione\"}]},{\"@type\":\"WebSite\",\"@id\":\"https:\/\/intellico.ai\/#website\",\"url\":\"https:\/\/intellico.ai\/\",\"name\":\"Intellico\",\"description\":\"\",\"potentialAction\":[{\"@type\":\"SearchAction\",\"target\":{\"@type\":\"EntryPoint\",\"urlTemplate\":\"https:\/\/intellico.ai\/?s={search_term_string}\"},\"query-input\":{\"@type\":\"PropertyValueSpecification\",\"valueRequired\":true,\"valueName\":\"search_term_string\"}}],\"inLanguage\":\"it-IT\"}]}<\/script>\n<!-- \/ Yoast SEO plugin. -->","yoast_head_json":{"title":"Manutenzione predittiva impianti di produzione - Intellico","description":"Ottieni prestazioni ottimali e riduci i tempi di fermo con la manutenzione predittiva di Intellico per gli impianti di produzione.","robots":{"index":"index","follow":"follow","max-snippet":"max-snippet:-1","max-image-preview":"max-image-preview:large","max-video-preview":"max-video-preview:-1"},"canonical":"https:\/\/intellico.ai\/it\/fabbrica-intelligente\/migliorare-il-processo-di-manutenzione\/","og_locale":"it_IT","og_type":"article","og_title":"Manutenzione predittiva impianti di produzione - Intellico","og_description":"Ottieni prestazioni ottimali e riduci i tempi di fermo con la manutenzione predittiva di Intellico per gli impianti di produzione.","og_url":"https:\/\/intellico.ai\/it\/fabbrica-intelligente\/migliorare-il-processo-di-manutenzione\/","og_site_name":"Intellico","article_modified_time":"2024-04-08T09:56:44+00:00","og_image":[{"width":1250,"height":829,"url":"https:\/\/intellico.ai\/wp-content\/uploads\/2023\/02\/Improving-maintenance-process.png","type":"image\/png"}],"twitter_card":"summary_large_image","twitter_misc":{"Tempo di lettura stimato":"3 minuti"},"schema":{"@context":"https:\/\/schema.org","@graph":[{"@type":"WebPage","@id":"https:\/\/intellico.ai\/it\/fabbrica-intelligente\/migliorare-il-processo-di-manutenzione\/","url":"https:\/\/intellico.ai\/it\/fabbrica-intelligente\/migliorare-il-processo-di-manutenzione\/","name":"Manutenzione predittiva impianti di produzione - Intellico","isPartOf":{"@id":"https:\/\/intellico.ai\/#website"},"primaryImageOfPage":{"@id":"https:\/\/intellico.ai\/it\/fabbrica-intelligente\/migliorare-il-processo-di-manutenzione\/#primaryimage"},"image":{"@id":"https:\/\/intellico.ai\/it\/fabbrica-intelligente\/migliorare-il-processo-di-manutenzione\/#primaryimage"},"thumbnailUrl":"https:\/\/intellico.ai\/wp-content\/uploads\/2023\/02\/Improving-maintenance-process.png","datePublished":"2022-10-19T09:07:47+00:00","dateModified":"2024-04-08T09:56:44+00:00","description":"Ottieni prestazioni ottimali e riduci i tempi di fermo con la manutenzione predittiva di Intellico per gli impianti di produzione.","breadcrumb":{"@id":"https:\/\/intellico.ai\/it\/fabbrica-intelligente\/migliorare-il-processo-di-manutenzione\/#breadcrumb"},"inLanguage":"it-IT","potentialAction":[{"@type":"ReadAction","target":["https:\/\/intellico.ai\/it\/fabbrica-intelligente\/migliorare-il-processo-di-manutenzione\/"]}]},{"@type":"ImageObject","inLanguage":"it-IT","@id":"https:\/\/intellico.ai\/it\/fabbrica-intelligente\/migliorare-il-processo-di-manutenzione\/#primaryimage","url":"https:\/\/intellico.ai\/wp-content\/uploads\/2023\/02\/Improving-maintenance-process.png","contentUrl":"https:\/\/intellico.ai\/wp-content\/uploads\/2023\/02\/Improving-maintenance-process.png","width":1250,"height":829,"caption":"Predictive Maintenance"},{"@type":"BreadcrumbList","@id":"https:\/\/intellico.ai\/it\/fabbrica-intelligente\/migliorare-il-processo-di-manutenzione\/#breadcrumb","itemListElement":[{"@type":"ListItem","position":1,"name":"Home","item":"https:\/\/intellico.ai\/it\/"},{"@type":"ListItem","position":2,"name":"Smart Factory","item":"https:\/\/intellico.ai\/it\/fabbrica-intelligente\/"},{"@type":"ListItem","position":3,"name":"Miglioramento del processo di manutenzione"}]},{"@type":"WebSite","@id":"https:\/\/intellico.ai\/#website","url":"https:\/\/intellico.ai\/","name":"Intellico","description":"","potentialAction":[{"@type":"SearchAction","target":{"@type":"EntryPoint","urlTemplate":"https:\/\/intellico.ai\/?s={search_term_string}"},"query-input":{"@type":"PropertyValueSpecification","valueRequired":true,"valueName":"search_term_string"}}],"inLanguage":"it-IT"}]}},"_links":{"self":[{"href":"https:\/\/intellico.ai\/it\/wp-json\/wp\/v2\/pages\/9592","targetHints":{"allow":["GET"]}}],"collection":[{"href":"https:\/\/intellico.ai\/it\/wp-json\/wp\/v2\/pages"}],"about":[{"href":"https:\/\/intellico.ai\/it\/wp-json\/wp\/v2\/types\/page"}],"author":[{"embeddable":true,"href":"https:\/\/intellico.ai\/it\/wp-json\/wp\/v2\/users\/1"}],"replies":[{"embeddable":true,"href":"https:\/\/intellico.ai\/it\/wp-json\/wp\/v2\/comments?post=9592"}],"version-history":[{"count":18,"href":"https:\/\/intellico.ai\/it\/wp-json\/wp\/v2\/pages\/9592\/revisions"}],"predecessor-version":[{"id":12415,"href":"https:\/\/intellico.ai\/it\/wp-json\/wp\/v2\/pages\/9592\/revisions\/12415"}],"up":[{"embeddable":true,"href":"https:\/\/intellico.ai\/it\/wp-json\/wp\/v2\/pages\/9501"}],"wp:featuredmedia":[{"embeddable":true,"href":"https:\/\/intellico.ai\/it\/wp-json\/wp\/v2\/media\/9453"}],"wp:attachment":[{"href":"https:\/\/intellico.ai\/it\/wp-json\/wp\/v2\/media?parent=9592"}],"curies":[{"name":"wp","href":"https:\/\/api.w.org\/{rel}","templated":true}]}}