{"id":9612,"date":"2023-01-10T11:32:35","date_gmt":"2023-01-10T11:32:35","guid":{"rendered":"https:\/\/intellico.ai\/esempio-caso-1\/"},"modified":"2023-03-31T13:18:33","modified_gmt":"2023-03-31T13:18:33","slug":"esempio-caso-1","status":"publish","type":"page","link":"https:\/\/intellico.ai\/it\/esempio-caso-1\/","title":{"rendered":"esempio caso 1"},"content":{"rendered":"\t\t<div data-elementor-type=\"wp-page\" data-elementor-id=\"9612\" class=\"elementor elementor-9612 elementor-6136\" data-elementor-post-type=\"page\">\n\t\t\t\t\t\t<section class=\"elementor-section elementor-top-section elementor-element elementor-element-2efb3f0 elementor-section-height-min-height elementor-section-boxed elementor-section-height-default elementor-section-items-middle\" data-id=\"2efb3f0\" data-element_type=\"section\" data-settings=\"{&quot;background_background&quot;:&quot;classic&quot;}\">\n\t\t\t\t\t\t<div class=\"elementor-container elementor-column-gap-default\">\n\t\t\t\t\t<div class=\"elementor-column elementor-col-50 elementor-top-column elementor-element elementor-element-62aff004\" data-id=\"62aff004\" data-element_type=\"column\">\n\t\t\t<div class=\"elementor-widget-wrap elementor-element-populated\">\n\t\t\t\t\t\t<div class=\"elementor-element elementor-element-1e585206 elementor-widget elementor-widget-heading\" data-id=\"1e585206\" data-element_type=\"widget\" data-widget_type=\"heading.default\">\n\t\t\t\t<div class=\"elementor-widget-container\">\n\t\t\t\t\t<h1 class=\"elementor-heading-title elementor-size-default\">Migliorare il processo di manutenzione<\/h1>\t\t\t\t<\/div>\n\t\t\t\t<\/div>\n\t\t\t\t<div class=\"elementor-element elementor-element-269f1400 elementor-hidden-desktop elementor-hidden-tablet elementor-widget elementor-widget-spacer\" data-id=\"269f1400\" data-element_type=\"widget\" data-widget_type=\"spacer.default\">\n\t\t\t\t<div class=\"elementor-widget-container\">\n\t\t\t\t\t\t\t<div class=\"elementor-spacer\">\n\t\t\t<div class=\"elementor-spacer-inner\"><\/div>\n\t\t<\/div>\n\t\t\t\t\t\t<\/div>\n\t\t\t\t<\/div>\n\t\t\t\t\t<\/div>\n\t\t<\/div>\n\t\t\t\t<div class=\"elementor-column elementor-col-50 elementor-top-column elementor-element elementor-element-5bc95e1 elementor-hidden-mobile\" data-id=\"5bc95e1\" data-element_type=\"column\">\n\t\t\t<div class=\"elementor-widget-wrap\">\n\t\t\t\t\t\t\t<\/div>\n\t\t<\/div>\n\t\t\t\t\t<\/div>\n\t\t<\/section>\n\t\t<div class=\"elementor-element elementor-element-5aef5618 e-con-full e-flex e-con e-parent\" data-id=\"5aef5618\" data-element_type=\"container\">\n\t\t\t\t<div class=\"elementor-element elementor-element-4d15d3eb elementor-widget elementor-widget-template\" data-id=\"4d15d3eb\" data-element_type=\"widget\" data-widget_type=\"template.default\">\n\t\t\t\t<div class=\"elementor-widget-container\">\n\t\t\t\t\t\t\t<div class=\"elementor-template\">\n\t\t\t\t\t<div data-elementor-type=\"section\" data-elementor-id=\"9684\" class=\"elementor elementor-9684 elementor-6212 elementor-6212\" data-elementor-post-type=\"elementor_library\">\n\t\t\t\t\t<section class=\"elementor-section elementor-top-section elementor-element elementor-element-615e9400 elementor-section-boxed elementor-section-height-default elementor-section-height-default\" data-id=\"615e9400\" data-element_type=\"section\" data-settings=\"{&quot;background_background&quot;:&quot;classic&quot;}\">\n\t\t\t\t\t\t<div class=\"elementor-container elementor-column-gap-default\">\n\t\t\t\t\t<div class=\"elementor-column elementor-col-50 elementor-top-column elementor-element elementor-element-3a64440\" data-id=\"3a64440\" data-element_type=\"column\">\n\t\t\t<div class=\"elementor-widget-wrap elementor-element-populated\">\n\t\t\t\t\t\t<div class=\"elementor-element elementor-element-2e3d460a elementor-widget elementor-widget-heading\" data-id=\"2e3d460a\" data-element_type=\"widget\" data-widget_type=\"heading.default\">\n\t\t\t\t<div class=\"elementor-widget-container\">\n\t\t\t\t\t<p class=\"elementor-heading-title elementor-size-default\">Necessiti maggiori informazioni? Non esitare a contattare il nostro team!\n\n<\/p>\t\t\t\t<\/div>\n\t\t\t\t<\/div>\n\t\t\t\t\t<\/div>\n\t\t<\/div>\n\t\t\t\t<div class=\"elementor-column elementor-col-50 elementor-top-column elementor-element elementor-element-33404a89\" data-id=\"33404a89\" data-element_type=\"column\">\n\t\t\t<div class=\"elementor-widget-wrap elementor-element-populated\">\n\t\t\t\t\t\t<div class=\"elementor-element elementor-element-21b7ddeb elementor-align-center elementor-widget elementor-widget-button\" data-id=\"21b7ddeb\" data-element_type=\"widget\" data-widget_type=\"button.default\">\n\t\t\t\t<div class=\"elementor-widget-container\">\n\t\t\t\t\t\t\t\t\t<div class=\"elementor-button-wrapper\">\n\t\t\t\t\t<a class=\"elementor-button elementor-button-link elementor-size-md\" href=\"https:\/\/intellico.ai\/it\/contatto-2\/\">\n\t\t\t\t\t\t<span class=\"elementor-button-content-wrapper\">\n\t\t\t\t\t\t\t\t\t<span class=\"elementor-button-text\">Contattaci <\/span>\n\t\t\t\t\t<\/span>\n\t\t\t\t\t<\/a>\n\t\t\t\t<\/div>\n\t\t\t\t\t\t\t\t<\/div>\n\t\t\t\t<\/div>\n\t\t\t\t\t<\/div>\n\t\t<\/div>\n\t\t\t\t\t<\/div>\n\t\t<\/section>\n\t\t\t\t<\/div>\n\t\t\t\t<\/div>\n\t\t\t\t\t\t<\/div>\n\t\t\t\t<\/div>\n\t\t\t\t<\/div>\n\t\t\t\t<section class=\"elementor-section elementor-top-section elementor-element elementor-element-ae422ff elementor-reverse-mobile elementor-section-boxed elementor-section-height-default elementor-section-height-default\" data-id=\"ae422ff\" data-element_type=\"section\">\n\t\t\t\t\t\t<div class=\"elementor-container elementor-column-gap-default\">\n\t\t\t\t\t<div class=\"elementor-column elementor-col-100 elementor-top-column elementor-element elementor-element-80b7fb4\" data-id=\"80b7fb4\" data-element_type=\"column\">\n\t\t\t<div class=\"elementor-widget-wrap elementor-element-populated\">\n\t\t\t\t\t\t<div class=\"elementor-element elementor-element-31479c77 elementor-align-left elementor-tablet-align-center elementor-hidden-desktop elementor-hidden-tablet elementor-widget elementor-widget-button\" data-id=\"31479c77\" data-element_type=\"widget\" data-widget_type=\"button.default\">\n\t\t\t\t<div class=\"elementor-widget-container\">\n\t\t\t\t\t\t\t\t\t<div class=\"elementor-button-wrapper\">\n\t\t\t\t\t<a class=\"elementor-button elementor-button-link elementor-size-lg\" href=\"#noi\">\n\t\t\t\t\t\t<span class=\"elementor-button-content-wrapper\">\n\t\t\t\t\t\t<span class=\"elementor-button-icon\">\n\t\t\t\t<svg aria-hidden=\"true\" class=\"e-font-icon-svg e-fas-arrow-down\" viewBox=\"0 0 448 512\" xmlns=\"http:\/\/www.w3.org\/2000\/svg\"><path d=\"M413.1 222.5l22.2 22.2c9.4 9.4 9.4 24.6 0 33.9L241 473c-9.4 9.4-24.6 9.4-33.9 0L12.7 278.6c-9.4-9.4-9.4-24.6 0-33.9l22.2-22.2c9.5-9.5 25-9.3 34.3.4L184 343.4V56c0-13.3 10.7-24 24-24h32c13.3 0 24 10.7 24 24v287.4l114.8-120.5c9.3-9.8 24.8-10 34.3-.4z\"><\/path><\/svg>\t\t\t<\/span>\n\t\t\t\t\t\t\t\t<\/span>\n\t\t\t\t\t<\/a>\n\t\t\t\t<\/div>\n\t\t\t\t\t\t\t\t<\/div>\n\t\t\t\t<\/div>\n\t\t\t\t<div class=\"elementor-element elementor-element-c4a4f78 elementor-widget elementor-widget-heading\" data-id=\"c4a4f78\" data-element_type=\"widget\" id=\"noi\" data-widget_type=\"heading.default\">\n\t\t\t\t<div class=\"elementor-widget-container\">\n\t\t\t\t\t<p class=\"elementor-heading-title elementor-size-default\">La strategia della manutenzione predittiva<\/p>\t\t\t\t<\/div>\n\t\t\t\t<\/div>\n\t\t\t\t\t<\/div>\n\t\t<\/div>\n\t\t\t\t\t<\/div>\n\t\t<\/section>\n\t\t\t\t<section class=\"elementor-section elementor-top-section elementor-element elementor-element-41796cc elementor-section-boxed elementor-section-height-default elementor-section-height-default\" data-id=\"41796cc\" data-element_type=\"section\">\n\t\t\t\t\t\t<div class=\"elementor-container elementor-column-gap-default\">\n\t\t\t\t\t<div class=\"elementor-column elementor-col-100 elementor-top-column elementor-element elementor-element-9bd5918\" data-id=\"9bd5918\" data-element_type=\"column\">\n\t\t\t<div class=\"elementor-widget-wrap elementor-element-populated\">\n\t\t\t\t\t\t<div class=\"elementor-element elementor-element-5871b50 elementor-widget elementor-widget-heading\" data-id=\"5871b50\" data-element_type=\"widget\" data-widget_type=\"heading.default\">\n\t\t\t\t<div class=\"elementor-widget-container\">\n\t\t\t\t\t<p class=\"elementor-heading-title elementor-size-default\"><p>Diversi problemi nascosti affliggono le aziende industriali: i problemi relativi alle loro attrezzature causano inconvenienti sia operativi che economici. I tempi di inattivit\u00e0 non programmati costano ai produttori industriali circa 50 miliardi di dollari all'anno, mentre i guasti alle apparecchiature sono la causa del 42% di questi tempi di inattivit\u00e0 non programmati. Per risolvere questo problema, \u00e8 necessario un approccio proattivo: la manutenzione delle apparecchiature \u00e8 diventata un'attivit\u00e0 cruciale, poich\u00e9 un'apparecchiatura poco performante causa danni all'intera azienda. Intellico ha gi\u00e0 completato applicazioni in questo campo e ha gi\u00e0 ottenuto diversi vantaggi.<\/p><p>Per risolvere questi problemi, \u00e8 necessario un approccio proattivo: la manutenzione delle apparecchiature \u00e8 diventata un'attivit\u00e0 cruciale, poich\u00e9 le apparecchiature poco performanti causano danni all'intera azienda. Ma qual \u00e8 la differenza tra manutenzione reattiva, preventiva e predittiva? La manutenzione reattiva avviene sempre a posteriori. La manutenzione preventiva avviene in momenti prestabiliti, spesso con largo anticipo.<\/p><p>Inoltre, \u00e8 importante capire qual \u00e8 la differenza tra manutenzione reattiva, preventiva e predittiva. Il ruolo dell'IA \u00e8 centrale per accelerare l'adozione di nuove soluzioni tecnologiche.<\/p><ul><li><span style=\"background-color: transparent\">La manutenzione reattiva avviene sempre dopo che si \u00e8 verificata una situazione.<\/span><\/li><li>La manutenzione preventiva avviene in momenti prestabiliti, spesso con largo anticipo.<\/li><li>La manutenzione predittiva, invece, \u00e8 una strategia di manutenzione proattiva che analizza i dati e suggerisce modifiche alla produzione, alla programmazione e alla manutenzione per prevenire i guasti ed evitare i fermi macchina in futuro.\n<\/li><\/ul><p><br>  Nella manutenzione predittiva, i dati storici delle macchine e dei processi vengono trasformati in informazioni che costituiscono la base per analizzare e migliorare i processi di manutenzione. La manutenzione predittiva avviene in tempo reale, esattamente quando e dove \u00e8 necessaria.<\/p><\/p>\t\t\t\t<\/div>\n\t\t\t\t<\/div>\n\t\t\t\t\t<\/div>\n\t\t<\/div>\n\t\t\t\t\t<\/div>\n\t\t<\/section>\n\t\t<div class=\"elementor-element elementor-element-27e3c76f e-con-full e-flex e-con e-parent\" data-id=\"27e3c76f\" data-element_type=\"container\">\n\t\t\t\t<div class=\"elementor-element elementor-element-24021d87 elementor-widget elementor-widget-template\" data-id=\"24021d87\" data-element_type=\"widget\" data-widget_type=\"template.default\">\n\t\t\t\t<div class=\"elementor-widget-container\">\n\t\t\t\t\t\t\t<div class=\"elementor-template\">\n\t\t\t\t\t<div data-elementor-type=\"section\" data-elementor-id=\"9687\" class=\"elementor elementor-9687 elementor-6224 elementor-6224\" data-elementor-post-type=\"elementor_library\">\n\t\t\t\t\t<section class=\"elementor-section elementor-top-section elementor-element elementor-element-34a96347 elementor-section-boxed elementor-section-height-default elementor-section-height-default\" data-id=\"34a96347\" data-element_type=\"section\" data-settings=\"{&quot;background_background&quot;:&quot;classic&quot;}\">\n\t\t\t\t\t\t<div class=\"elementor-container elementor-column-gap-default\">\n\t\t\t\t\t<div class=\"elementor-column elementor-col-100 elementor-top-column elementor-element elementor-element-39171887\" data-id=\"39171887\" data-element_type=\"column\">\n\t\t\t<div class=\"elementor-widget-wrap elementor-element-populated\">\n\t\t\t\t\t\t<section class=\"elementor-section elementor-inner-section elementor-element elementor-element-7af47a1 elementor-section-boxed elementor-section-height-default elementor-section-height-default\" data-id=\"7af47a1\" data-element_type=\"section\">\n\t\t\t\t\t\t<div class=\"elementor-container elementor-column-gap-default\">\n\t\t\t\t\t<div class=\"elementor-column elementor-col-100 elementor-inner-column elementor-element elementor-element-27848cfc\" data-id=\"27848cfc\" data-element_type=\"column\">\n\t\t\t<div class=\"elementor-widget-wrap elementor-element-populated\">\n\t\t\t\t\t\t<div class=\"elementor-element elementor-element-70ac9193 elementor-widget elementor-widget-image\" data-id=\"70ac9193\" data-element_type=\"widget\" data-widget_type=\"image.default\">\n\t\t\t\t<div class=\"elementor-widget-container\">\n\t\t\t\t\t\t\t\t\t\t\t\t\t\t\t<img fetchpriority=\"high\" decoding=\"async\" width=\"702\" height=\"85\" src=\"https:\/\/intellico.ai\/wp-content\/uploads\/2023\/01\/33.png\" class=\"attachment-full size-full wp-image-9414\" alt=\"\" srcset=\"https:\/\/intellico.ai\/wp-content\/uploads\/2023\/01\/33.png 702w, https:\/\/intellico.ai\/wp-content\/uploads\/2023\/01\/33-300x36.png 300w\" sizes=\"(max-width: 702px) 100vw, 702px\" \/>\t\t\t\t\t\t\t\t\t\t\t\t\t\t\t<\/div>\n\t\t\t\t<\/div>\n\t\t\t\t\t<\/div>\n\t\t<\/div>\n\t\t\t\t\t<\/div>\n\t\t<\/section>\n\t\t\t\t<section class=\"elementor-section elementor-inner-section elementor-element elementor-element-7caf8a8a elementor-section-boxed elementor-section-height-default elementor-section-height-default\" data-id=\"7caf8a8a\" data-element_type=\"section\">\n\t\t\t\t\t\t<div class=\"elementor-container elementor-column-gap-default\">\n\t\t\t\t\t<div class=\"elementor-column elementor-col-100 elementor-inner-column elementor-element elementor-element-71698c35\" data-id=\"71698c35\" data-element_type=\"column\" data-settings=\"{&quot;background_background&quot;:&quot;classic&quot;}\">\n\t\t\t<div class=\"elementor-widget-wrap elementor-element-populated\">\n\t\t\t\t\t\t<div class=\"elementor-element elementor-element-67ed51f6 elementor-widget elementor-widget-heading\" data-id=\"67ed51f6\" data-element_type=\"widget\" data-widget_type=\"heading.default\">\n\t\t\t\t<div class=\"elementor-widget-container\">\n\t\t\t\t\t<p class=\"elementor-heading-title elementor-size-default\">La vostra azienda \u00e8 pronta per l'Intelligenza Artificiale?<\/p>\t\t\t\t<\/div>\n\t\t\t\t<\/div>\n\t\t\t\t<div class=\"elementor-element elementor-element-3e95a8dc elementor-widget elementor-widget-text-editor\" data-id=\"3e95a8dc\" data-element_type=\"widget\" data-widget_type=\"text-editor.default\">\n\t\t\t\t<div class=\"elementor-widget-container\">\n\t\t\t\t\t\t\t\t\t<p>State investendo nei giusti input? State ottendendo output di valore? Valutare la propria preparazione in materia di IA<br \/>oggi gratuitamente in meno di 10 minuti.<\/p>\n\t\t\t\t\t\t\t\t<\/div>\n\t\t\t\t<\/div>\n\t\t\t\t<div class=\"elementor-element elementor-element-51fda38a elementor-align-center elementor-widget elementor-widget-button\" data-id=\"51fda38a\" data-element_type=\"widget\" data-widget_type=\"button.default\">\n\t\t\t\t<div class=\"elementor-widget-container\">\n\t\t\t\t\t\t\t\t\t<div class=\"elementor-button-wrapper\">\n\t\t\t\t\t<a class=\"elementor-button elementor-button-link elementor-size-lg\" href=\"https:\/\/intellico.ai\/it\/strumento-diagnostico-ai\/\">\n\t\t\t\t\t\t<span class=\"elementor-button-content-wrapper\">\n\t\t\t\t\t\t\t\t\t<span class=\"elementor-button-text\">AI DIAGNOSTIC TOOL<\/span>\n\t\t\t\t\t<\/span>\n\t\t\t\t\t<\/a>\n\t\t\t\t<\/div>\n\t\t\t\t\t\t\t\t<\/div>\n\t\t\t\t<\/div>\n\t\t\t\t\t<\/div>\n\t\t<\/div>\n\t\t\t\t\t<\/div>\n\t\t<\/section>\n\t\t\t\t\t<\/div>\n\t\t<\/div>\n\t\t\t\t\t<\/div>\n\t\t<\/section>\n\t\t\t\t<\/div>\n\t\t\t\t<\/div>\n\t\t\t\t\t\t<\/div>\n\t\t\t\t<\/div>\n\t\t\t\t<\/div>\n\t\t\t\t<\/div>\n\t\t","protected":false},"excerpt":{"rendered":"<p>Migliorare il processo di manutenzione La strategia della manutenzione predittiva Diversi problemi nascosti affliggono le aziende industriali: i problemi relativi alle loro attrezzature causano inconvenienti sia operativi che economici. I tempi di inattivit\u00e0 non programmati costano ai produttori industriali circa 50 miliardi di dollari all&#8217;anno, mentre i guasti alle apparecchiature sono la causa del 42% [&hellip;]<\/p>\n","protected":false},"author":1,"featured_media":0,"parent":0,"menu_order":0,"comment_status":"closed","ping_status":"closed","template":"","meta":{"footnotes":""},"class_list":["post-9612","page","type-page","status-publish","hentry"],"yoast_head":"<!-- This site is optimized with the Yoast SEO plugin v26.7 - https:\/\/yoast.com\/wordpress\/plugins\/seo\/ -->\n<title>esempio caso 1 - Intellico<\/title>\n<meta name=\"robots\" content=\"index, follow, max-snippet:-1, max-image-preview:large, max-video-preview:-1\" \/>\n<link rel=\"canonical\" href=\"https:\/\/intellico.ai\/it\/esempio-caso-1\/\" \/>\n<meta property=\"og:locale\" content=\"it_IT\" \/>\n<meta property=\"og:type\" content=\"article\" \/>\n<meta property=\"og:title\" content=\"esempio caso 1 - Intellico\" \/>\n<meta property=\"og:description\" content=\"Migliorare il processo di manutenzione La strategia della manutenzione predittiva Diversi problemi nascosti affliggono le aziende industriali: i problemi relativi alle loro attrezzature causano inconvenienti sia operativi che economici. I tempi di inattivit\u00e0 non programmati costano ai produttori industriali circa 50 miliardi di dollari all&#8217;anno, mentre i guasti alle apparecchiature sono la causa del 42% [&hellip;]\" \/>\n<meta property=\"og:url\" content=\"https:\/\/intellico.ai\/it\/esempio-caso-1\/\" \/>\n<meta property=\"og:site_name\" content=\"Intellico\" \/>\n<meta property=\"article:modified_time\" content=\"2023-03-31T13:18:33+00:00\" \/>\n<meta name=\"twitter:card\" content=\"summary_large_image\" \/>\n<meta name=\"twitter:label1\" content=\"Tempo di lettura stimato\" \/>\n\t<meta name=\"twitter:data1\" content=\"1 minuto\" \/>\n<script type=\"application\/ld+json\" class=\"yoast-schema-graph\">{\"@context\":\"https:\/\/schema.org\",\"@graph\":[{\"@type\":\"WebPage\",\"@id\":\"https:\/\/intellico.ai\/it\/esempio-caso-1\/\",\"url\":\"https:\/\/intellico.ai\/it\/esempio-caso-1\/\",\"name\":\"esempio caso 1 - Intellico\",\"isPartOf\":{\"@id\":\"https:\/\/intellico.ai\/#website\"},\"datePublished\":\"2023-01-10T11:32:35+00:00\",\"dateModified\":\"2023-03-31T13:18:33+00:00\",\"breadcrumb\":{\"@id\":\"https:\/\/intellico.ai\/it\/esempio-caso-1\/#breadcrumb\"},\"inLanguage\":\"it-IT\",\"potentialAction\":[{\"@type\":\"ReadAction\",\"target\":[\"https:\/\/intellico.ai\/it\/esempio-caso-1\/\"]}]},{\"@type\":\"BreadcrumbList\",\"@id\":\"https:\/\/intellico.ai\/it\/esempio-caso-1\/#breadcrumb\",\"itemListElement\":[{\"@type\":\"ListItem\",\"position\":1,\"name\":\"Home\",\"item\":\"https:\/\/intellico.ai\/it\/\"},{\"@type\":\"ListItem\",\"position\":2,\"name\":\"esempio caso 1\"}]},{\"@type\":\"WebSite\",\"@id\":\"https:\/\/intellico.ai\/#website\",\"url\":\"https:\/\/intellico.ai\/\",\"name\":\"Intellico\",\"description\":\"\",\"potentialAction\":[{\"@type\":\"SearchAction\",\"target\":{\"@type\":\"EntryPoint\",\"urlTemplate\":\"https:\/\/intellico.ai\/?s={search_term_string}\"},\"query-input\":{\"@type\":\"PropertyValueSpecification\",\"valueRequired\":true,\"valueName\":\"search_term_string\"}}],\"inLanguage\":\"it-IT\"}]}<\/script>\n<!-- \/ Yoast SEO plugin. -->","yoast_head_json":{"title":"esempio caso 1 - Intellico","robots":{"index":"index","follow":"follow","max-snippet":"max-snippet:-1","max-image-preview":"max-image-preview:large","max-video-preview":"max-video-preview:-1"},"canonical":"https:\/\/intellico.ai\/it\/esempio-caso-1\/","og_locale":"it_IT","og_type":"article","og_title":"esempio caso 1 - Intellico","og_description":"Migliorare il processo di manutenzione La strategia della manutenzione predittiva Diversi problemi nascosti affliggono le aziende industriali: i problemi relativi alle loro attrezzature causano inconvenienti sia operativi che economici. I tempi di inattivit\u00e0 non programmati costano ai produttori industriali circa 50 miliardi di dollari all&#8217;anno, mentre i guasti alle apparecchiature sono la causa del 42% [&hellip;]","og_url":"https:\/\/intellico.ai\/it\/esempio-caso-1\/","og_site_name":"Intellico","article_modified_time":"2023-03-31T13:18:33+00:00","twitter_card":"summary_large_image","twitter_misc":{"Tempo di lettura stimato":"1 minuto"},"schema":{"@context":"https:\/\/schema.org","@graph":[{"@type":"WebPage","@id":"https:\/\/intellico.ai\/it\/esempio-caso-1\/","url":"https:\/\/intellico.ai\/it\/esempio-caso-1\/","name":"esempio caso 1 - Intellico","isPartOf":{"@id":"https:\/\/intellico.ai\/#website"},"datePublished":"2023-01-10T11:32:35+00:00","dateModified":"2023-03-31T13:18:33+00:00","breadcrumb":{"@id":"https:\/\/intellico.ai\/it\/esempio-caso-1\/#breadcrumb"},"inLanguage":"it-IT","potentialAction":[{"@type":"ReadAction","target":["https:\/\/intellico.ai\/it\/esempio-caso-1\/"]}]},{"@type":"BreadcrumbList","@id":"https:\/\/intellico.ai\/it\/esempio-caso-1\/#breadcrumb","itemListElement":[{"@type":"ListItem","position":1,"name":"Home","item":"https:\/\/intellico.ai\/it\/"},{"@type":"ListItem","position":2,"name":"esempio caso 1"}]},{"@type":"WebSite","@id":"https:\/\/intellico.ai\/#website","url":"https:\/\/intellico.ai\/","name":"Intellico","description":"","potentialAction":[{"@type":"SearchAction","target":{"@type":"EntryPoint","urlTemplate":"https:\/\/intellico.ai\/?s={search_term_string}"},"query-input":{"@type":"PropertyValueSpecification","valueRequired":true,"valueName":"search_term_string"}}],"inLanguage":"it-IT"}]}},"_links":{"self":[{"href":"https:\/\/intellico.ai\/it\/wp-json\/wp\/v2\/pages\/9612","targetHints":{"allow":["GET"]}}],"collection":[{"href":"https:\/\/intellico.ai\/it\/wp-json\/wp\/v2\/pages"}],"about":[{"href":"https:\/\/intellico.ai\/it\/wp-json\/wp\/v2\/types\/page"}],"author":[{"embeddable":true,"href":"https:\/\/intellico.ai\/it\/wp-json\/wp\/v2\/users\/1"}],"replies":[{"embeddable":true,"href":"https:\/\/intellico.ai\/it\/wp-json\/wp\/v2\/comments?post=9612"}],"version-history":[{"count":2,"href":"https:\/\/intellico.ai\/it\/wp-json\/wp\/v2\/pages\/9612\/revisions"}],"predecessor-version":[{"id":9618,"href":"https:\/\/intellico.ai\/it\/wp-json\/wp\/v2\/pages\/9612\/revisions\/9618"}],"wp:attachment":[{"href":"https:\/\/intellico.ai\/it\/wp-json\/wp\/v2\/media?parent=9612"}],"curies":[{"name":"wp","href":"https:\/\/api.w.org\/{rel}","templated":true}]}}