{"id":9624,"date":"2023-02-07T14:43:38","date_gmt":"2023-02-07T14:43:38","guid":{"rendered":"https:\/\/intellico.ai\/sfruttare-lintelligenza-artificiale-per-gestire-le-batterie\/"},"modified":"2023-03-31T13:18:35","modified_gmt":"2023-03-31T13:18:35","slug":"sfruttare-lintelligenza-artificiale-per-gestire-le-batterie","status":"publish","type":"page","link":"https:\/\/intellico.ai\/it\/sfruttare-lintelligenza-artificiale-per-gestire-le-batterie\/","title":{"rendered":"Sfruttare l&#8217;intelligenza artificiale per gestire le batterie"},"content":{"rendered":"\t\t<div data-elementor-type=\"wp-page\" data-elementor-id=\"9624\" class=\"elementor elementor-9624 elementor-8136\" data-elementor-post-type=\"page\">\n\t\t\t\t\t\t<section class=\"elementor-section elementor-top-section elementor-element elementor-element-306c8fa elementor-section-height-min-height elementor-section-boxed elementor-section-height-default elementor-section-items-middle\" data-id=\"306c8fa\" data-element_type=\"section\" data-settings=\"{&quot;background_background&quot;:&quot;classic&quot;}\">\n\t\t\t\t\t\t<div class=\"elementor-container elementor-column-gap-default\">\n\t\t\t\t\t<div class=\"elementor-column elementor-col-50 elementor-top-column elementor-element elementor-element-e9b0c3e\" data-id=\"e9b0c3e\" data-element_type=\"column\">\n\t\t\t<div class=\"elementor-widget-wrap elementor-element-populated\">\n\t\t\t\t\t\t<div class=\"elementor-element elementor-element-2db80be elementor-widget elementor-widget-heading\" data-id=\"2db80be\" data-element_type=\"widget\" data-widget_type=\"heading.default\">\n\t\t\t\t<div class=\"elementor-widget-container\">\n\t\t\t\t\t<h1 class=\"elementor-heading-title elementor-size-default\">Ottimizzazione in R&amp;S<\/h1>\t\t\t\t<\/div>\n\t\t\t\t<\/div>\n\t\t\t\t<div class=\"elementor-element elementor-element-52c4b72 elementor-hidden-desktop elementor-hidden-tablet elementor-widget elementor-widget-spacer\" data-id=\"52c4b72\" data-element_type=\"widget\" data-widget_type=\"spacer.default\">\n\t\t\t\t<div class=\"elementor-widget-container\">\n\t\t\t\t\t\t\t<div class=\"elementor-spacer\">\n\t\t\t<div class=\"elementor-spacer-inner\"><\/div>\n\t\t<\/div>\n\t\t\t\t\t\t<\/div>\n\t\t\t\t<\/div>\n\t\t\t\t\t<\/div>\n\t\t<\/div>\n\t\t\t\t<div class=\"elementor-column elementor-col-50 elementor-top-column elementor-element elementor-element-6033b83 elementor-hidden-mobile\" data-id=\"6033b83\" data-element_type=\"column\">\n\t\t\t<div class=\"elementor-widget-wrap\">\n\t\t\t\t\t\t\t<\/div>\n\t\t<\/div>\n\t\t\t\t\t<\/div>\n\t\t<\/section>\n\t\t<div class=\"elementor-element elementor-element-8522e60 e-con-full e-flex e-con e-parent\" data-id=\"8522e60\" data-element_type=\"container\">\n\t\t\t\t<div class=\"elementor-element elementor-element-dbe3193 elementor-widget elementor-widget-template\" data-id=\"dbe3193\" data-element_type=\"widget\" data-widget_type=\"template.default\">\n\t\t\t\t<div class=\"elementor-widget-container\">\n\t\t\t\t\t\t\t<div class=\"elementor-template\">\n\t\t\t\t\t<div data-elementor-type=\"section\" data-elementor-id=\"9684\" class=\"elementor elementor-9684 elementor-6212 elementor-6212\" data-elementor-post-type=\"elementor_library\">\n\t\t\t\t\t<section class=\"elementor-section elementor-top-section elementor-element elementor-element-615e9400 elementor-section-boxed elementor-section-height-default elementor-section-height-default\" data-id=\"615e9400\" data-element_type=\"section\" data-settings=\"{&quot;background_background&quot;:&quot;classic&quot;}\">\n\t\t\t\t\t\t<div class=\"elementor-container elementor-column-gap-default\">\n\t\t\t\t\t<div class=\"elementor-column elementor-col-50 elementor-top-column elementor-element elementor-element-3a64440\" data-id=\"3a64440\" data-element_type=\"column\">\n\t\t\t<div class=\"elementor-widget-wrap elementor-element-populated\">\n\t\t\t\t\t\t<div class=\"elementor-element elementor-element-2e3d460a elementor-widget elementor-widget-heading\" data-id=\"2e3d460a\" data-element_type=\"widget\" data-widget_type=\"heading.default\">\n\t\t\t\t<div class=\"elementor-widget-container\">\n\t\t\t\t\t<p class=\"elementor-heading-title elementor-size-default\">Necessiti maggiori informazioni? Non esitare a contattare il nostro team!\n\n<\/p>\t\t\t\t<\/div>\n\t\t\t\t<\/div>\n\t\t\t\t\t<\/div>\n\t\t<\/div>\n\t\t\t\t<div class=\"elementor-column elementor-col-50 elementor-top-column elementor-element elementor-element-33404a89\" data-id=\"33404a89\" data-element_type=\"column\">\n\t\t\t<div class=\"elementor-widget-wrap elementor-element-populated\">\n\t\t\t\t\t\t<div class=\"elementor-element elementor-element-21b7ddeb elementor-align-center elementor-widget elementor-widget-button\" data-id=\"21b7ddeb\" data-element_type=\"widget\" data-widget_type=\"button.default\">\n\t\t\t\t<div class=\"elementor-widget-container\">\n\t\t\t\t\t\t\t\t\t<div class=\"elementor-button-wrapper\">\n\t\t\t\t\t<a class=\"elementor-button elementor-button-link elementor-size-md\" href=\"https:\/\/intellico.ai\/it\/contatto-2\/\">\n\t\t\t\t\t\t<span class=\"elementor-button-content-wrapper\">\n\t\t\t\t\t\t\t\t\t<span class=\"elementor-button-text\">Contattaci <\/span>\n\t\t\t\t\t<\/span>\n\t\t\t\t\t<\/a>\n\t\t\t\t<\/div>\n\t\t\t\t\t\t\t\t<\/div>\n\t\t\t\t<\/div>\n\t\t\t\t\t<\/div>\n\t\t<\/div>\n\t\t\t\t\t<\/div>\n\t\t<\/section>\n\t\t\t\t<\/div>\n\t\t\t\t<\/div>\n\t\t\t\t\t\t<\/div>\n\t\t\t\t<\/div>\n\t\t\t\t<\/div>\n\t\t\t\t<section class=\"elementor-section elementor-top-section elementor-element elementor-element-f0fa878 elementor-section-boxed elementor-section-height-default elementor-section-height-default\" data-id=\"f0fa878\" data-element_type=\"section\">\n\t\t\t\t\t\t<div class=\"elementor-container elementor-column-gap-default\">\n\t\t\t\t\t<div class=\"elementor-column elementor-col-100 elementor-top-column elementor-element elementor-element-87a7550\" data-id=\"87a7550\" data-element_type=\"column\">\n\t\t\t<div class=\"elementor-widget-wrap elementor-element-populated\">\n\t\t\t\t\t\t<div class=\"elementor-element elementor-element-37361c8 elementor-align-left elementor-tablet-align-center elementor-hidden-desktop elementor-hidden-tablet elementor-widget elementor-widget-button\" data-id=\"37361c8\" data-element_type=\"widget\" data-widget_type=\"button.default\">\n\t\t\t\t<div class=\"elementor-widget-container\">\n\t\t\t\t\t\t\t\t\t<div class=\"elementor-button-wrapper\">\n\t\t\t\t\t<a class=\"elementor-button elementor-button-link elementor-size-lg\" href=\"#noi\">\n\t\t\t\t\t\t<span class=\"elementor-button-content-wrapper\">\n\t\t\t\t\t\t<span class=\"elementor-button-icon\">\n\t\t\t\t<svg aria-hidden=\"true\" class=\"e-font-icon-svg e-fas-arrow-down\" viewBox=\"0 0 448 512\" xmlns=\"http:\/\/www.w3.org\/2000\/svg\"><path d=\"M413.1 222.5l22.2 22.2c9.4 9.4 9.4 24.6 0 33.9L241 473c-9.4 9.4-24.6 9.4-33.9 0L12.7 278.6c-9.4-9.4-9.4-24.6 0-33.9l22.2-22.2c9.5-9.5 25-9.3 34.3.4L184 343.4V56c0-13.3 10.7-24 24-24h32c13.3 0 24 10.7 24 24v287.4l114.8-120.5c9.3-9.8 24.8-10 34.3-.4z\"><\/path><\/svg>\t\t\t<\/span>\n\t\t\t\t\t\t\t\t<\/span>\n\t\t\t\t\t<\/a>\n\t\t\t\t<\/div>\n\t\t\t\t\t\t\t\t<\/div>\n\t\t\t\t<\/div>\n\t\t\t\t\t<\/div>\n\t\t<\/div>\n\t\t\t\t\t<\/div>\n\t\t<\/section>\n\t\t\t\t<section class=\"elementor-section elementor-top-section elementor-element elementor-element-1b787b0 elementor-section-boxed elementor-section-height-default elementor-section-height-default\" data-id=\"1b787b0\" data-element_type=\"section\">\n\t\t\t\t\t\t<div class=\"elementor-container elementor-column-gap-default\">\n\t\t\t\t\t<div class=\"elementor-column elementor-col-50 elementor-top-column elementor-element elementor-element-c449f4a\" data-id=\"c449f4a\" data-element_type=\"column\" data-settings=\"{&quot;background_background&quot;:&quot;classic&quot;}\">\n\t\t\t<div class=\"elementor-widget-wrap elementor-element-populated\">\n\t\t\t\t\t\t<div class=\"elementor-element elementor-element-d3e8457 elementor-hidden-desktop elementor-widget elementor-widget-spacer\" data-id=\"d3e8457\" data-element_type=\"widget\" data-widget_type=\"spacer.default\">\n\t\t\t\t<div class=\"elementor-widget-container\">\n\t\t\t\t\t\t\t<div class=\"elementor-spacer\">\n\t\t\t<div class=\"elementor-spacer-inner\"><\/div>\n\t\t<\/div>\n\t\t\t\t\t\t<\/div>\n\t\t\t\t<\/div>\n\t\t\t\t\t<\/div>\n\t\t<\/div>\n\t\t\t\t<div class=\"elementor-column elementor-col-50 elementor-top-column elementor-element elementor-element-f17135c\" data-id=\"f17135c\" data-element_type=\"column\" data-settings=\"{&quot;background_background&quot;:&quot;classic&quot;}\">\n\t\t\t<div class=\"elementor-widget-wrap elementor-element-populated\">\n\t\t\t\t\t\t<div class=\"elementor-element elementor-element-d36727e elementor-widget elementor-widget-heading\" data-id=\"d36727e\" data-element_type=\"widget\" data-widget_type=\"heading.default\">\n\t\t\t\t<div class=\"elementor-widget-container\">\n\t\t\t\t\t<p class=\"elementor-heading-title elementor-size-default\">L'intelligenza artificiale per accelerare il time-to-market<\/p>\t\t\t\t<\/div>\n\t\t\t\t<\/div>\n\t\t\t\t<div class=\"elementor-element elementor-element-0d696a5 elementor-widget-divider--view-line elementor-widget elementor-widget-divider\" data-id=\"0d696a5\" data-element_type=\"widget\" data-widget_type=\"divider.default\">\n\t\t\t\t<div class=\"elementor-widget-container\">\n\t\t\t\t\t\t\t<div class=\"elementor-divider\">\n\t\t\t<span class=\"elementor-divider-separator\">\n\t\t\t\t\t\t<\/span>\n\t\t<\/div>\n\t\t\t\t\t\t<\/div>\n\t\t\t\t<\/div>\n\t\t\t\t<div class=\"elementor-element elementor-element-bbfecec elementor-widget elementor-widget-text-editor\" data-id=\"bbfecec\" data-element_type=\"widget\" data-widget_type=\"text-editor.default\">\n\t\t\t\t<div class=\"elementor-widget-container\">\n\t\t\t\t\t\t\t\t\t<p>Nell&#8217;industria di processo, la capacit\u00e0 di ottimizzare il tempo necessario per la ricerca e lo sviluppo \u00e8 diventata fondamentale, soprattutto per le aziende che operano in mercati altamente dinamici. In un contesto chimico, ad esempio, la creazione di un nuovo polimero in modo tempestivo sta diventando sempre pi\u00f9 un differenziale competitivo. In questo contesto, il numero di variabili quali i componenti e le loro caratteristiche, come la densit\u00e0, l&#8217;elasticit\u00e0 e la temperatura di esercizio, \u00e8 molto elevato. Sfruttare l&#8217;Intelligenza Artificiale e gli algoritmi di Machine Learning permette alle aziende di svolgere attivit\u00e0 di ricerca e sviluppo che altrimenti non sarebbero possibili, con risultati molto pi\u00f9 affidabili in quanto possono considerare una moltitudine di variabili molto pi\u00f9 ampia rispetto al ricercatore umano e quindi ridurre significativamente gli sforzi di go-to-market e di R&amp;S nei test. L&#8217;intelligenza artificiale consente alle aziende di elaborare un&#8217;ampia variet\u00e0 di fonti di dati, al fine di testare diversi scenari durante lo sviluppo di nuove funzionalit\u00e0 di prodotto, il tutto modellando i prodotti in linea con le esigenze dei clienti. Intellico assiste le aziende nella preparazione e nell&#8217;analisi dei dati necessari per svolgere queste attivit\u00e0 di ricerca. La generazione di nuovi prodotti estrae valore sostenibile utilizzando i dati gi\u00e0 presenti in azienda. Queste azioni non incidono sulle operazioni quotidiane dell&#8217;azienda, pur migliorando l&#8217;anticipazione delle sfide future che il mercato riserva.<\/p>\n\t\t\t\t\t\t\t\t<\/div>\n\t\t\t\t<\/div>\n\t\t\t\t\t<\/div>\n\t\t<\/div>\n\t\t\t\t\t<\/div>\n\t\t<\/section>\n\t\t<div class=\"elementor-element elementor-element-d09a4d9 e-con-full e-flex e-con e-parent\" data-id=\"d09a4d9\" data-element_type=\"container\">\n\t\t\t\t<div class=\"elementor-element elementor-element-cf317c3 elementor-widget elementor-widget-template\" data-id=\"cf317c3\" data-element_type=\"widget\" data-widget_type=\"template.default\">\n\t\t\t\t<div class=\"elementor-widget-container\">\n\t\t\t\t\t\t\t<div class=\"elementor-template\">\n\t\t\t\t\t<div data-elementor-type=\"section\" data-elementor-id=\"9687\" class=\"elementor elementor-9687 elementor-6224 elementor-6224\" data-elementor-post-type=\"elementor_library\">\n\t\t\t\t\t<section class=\"elementor-section elementor-top-section elementor-element elementor-element-34a96347 elementor-section-boxed elementor-section-height-default elementor-section-height-default\" data-id=\"34a96347\" data-element_type=\"section\" data-settings=\"{&quot;background_background&quot;:&quot;classic&quot;}\">\n\t\t\t\t\t\t<div class=\"elementor-container elementor-column-gap-default\">\n\t\t\t\t\t<div class=\"elementor-column elementor-col-100 elementor-top-column elementor-element elementor-element-39171887\" data-id=\"39171887\" data-element_type=\"column\">\n\t\t\t<div class=\"elementor-widget-wrap elementor-element-populated\">\n\t\t\t\t\t\t<section class=\"elementor-section elementor-inner-section elementor-element elementor-element-7af47a1 elementor-section-boxed elementor-section-height-default elementor-section-height-default\" data-id=\"7af47a1\" data-element_type=\"section\">\n\t\t\t\t\t\t<div class=\"elementor-container elementor-column-gap-default\">\n\t\t\t\t\t<div class=\"elementor-column elementor-col-100 elementor-inner-column elementor-element elementor-element-27848cfc\" data-id=\"27848cfc\" data-element_type=\"column\">\n\t\t\t<div class=\"elementor-widget-wrap elementor-element-populated\">\n\t\t\t\t\t\t<div class=\"elementor-element elementor-element-70ac9193 elementor-widget elementor-widget-image\" data-id=\"70ac9193\" data-element_type=\"widget\" data-widget_type=\"image.default\">\n\t\t\t\t<div class=\"elementor-widget-container\">\n\t\t\t\t\t\t\t\t\t\t\t\t\t\t\t<img fetchpriority=\"high\" decoding=\"async\" width=\"702\" height=\"85\" src=\"https:\/\/intellico.ai\/wp-content\/uploads\/2023\/01\/33.png\" class=\"attachment-full size-full wp-image-9414\" alt=\"\" srcset=\"https:\/\/intellico.ai\/wp-content\/uploads\/2023\/01\/33.png 702w, https:\/\/intellico.ai\/wp-content\/uploads\/2023\/01\/33-300x36.png 300w\" sizes=\"(max-width: 702px) 100vw, 702px\" \/>\t\t\t\t\t\t\t\t\t\t\t\t\t\t\t<\/div>\n\t\t\t\t<\/div>\n\t\t\t\t\t<\/div>\n\t\t<\/div>\n\t\t\t\t\t<\/div>\n\t\t<\/section>\n\t\t\t\t<section class=\"elementor-section elementor-inner-section elementor-element elementor-element-7caf8a8a elementor-section-boxed elementor-section-height-default elementor-section-height-default\" data-id=\"7caf8a8a\" data-element_type=\"section\">\n\t\t\t\t\t\t<div class=\"elementor-container elementor-column-gap-default\">\n\t\t\t\t\t<div class=\"elementor-column elementor-col-100 elementor-inner-column elementor-element elementor-element-71698c35\" data-id=\"71698c35\" data-element_type=\"column\" data-settings=\"{&quot;background_background&quot;:&quot;classic&quot;}\">\n\t\t\t<div class=\"elementor-widget-wrap elementor-element-populated\">\n\t\t\t\t\t\t<div class=\"elementor-element elementor-element-67ed51f6 elementor-widget elementor-widget-heading\" data-id=\"67ed51f6\" data-element_type=\"widget\" data-widget_type=\"heading.default\">\n\t\t\t\t<div class=\"elementor-widget-container\">\n\t\t\t\t\t<p class=\"elementor-heading-title elementor-size-default\">La vostra azienda \u00e8 pronta per l'Intelligenza Artificiale?<\/p>\t\t\t\t<\/div>\n\t\t\t\t<\/div>\n\t\t\t\t<div class=\"elementor-element elementor-element-3e95a8dc elementor-widget elementor-widget-text-editor\" data-id=\"3e95a8dc\" data-element_type=\"widget\" data-widget_type=\"text-editor.default\">\n\t\t\t\t<div class=\"elementor-widget-container\">\n\t\t\t\t\t\t\t\t\t<p>State investendo nei giusti input? State ottendendo output di valore? Valutare la propria preparazione in materia di IA<br \/>oggi gratuitamente in meno di 10 minuti.<\/p>\n\t\t\t\t\t\t\t\t<\/div>\n\t\t\t\t<\/div>\n\t\t\t\t<div class=\"elementor-element elementor-element-51fda38a elementor-align-center elementor-widget elementor-widget-button\" data-id=\"51fda38a\" data-element_type=\"widget\" data-widget_type=\"button.default\">\n\t\t\t\t<div class=\"elementor-widget-container\">\n\t\t\t\t\t\t\t\t\t<div class=\"elementor-button-wrapper\">\n\t\t\t\t\t<a class=\"elementor-button elementor-button-link elementor-size-lg\" href=\"https:\/\/intellico.ai\/it\/strumento-diagnostico-ai\/\">\n\t\t\t\t\t\t<span class=\"elementor-button-content-wrapper\">\n\t\t\t\t\t\t\t\t\t<span class=\"elementor-button-text\">AI DIAGNOSTIC TOOL<\/span>\n\t\t\t\t\t<\/span>\n\t\t\t\t\t<\/a>\n\t\t\t\t<\/div>\n\t\t\t\t\t\t\t\t<\/div>\n\t\t\t\t<\/div>\n\t\t\t\t\t<\/div>\n\t\t<\/div>\n\t\t\t\t\t<\/div>\n\t\t<\/section>\n\t\t\t\t\t<\/div>\n\t\t<\/div>\n\t\t\t\t\t<\/div>\n\t\t<\/section>\n\t\t\t\t<\/div>\n\t\t\t\t<\/div>\n\t\t\t\t\t\t<\/div>\n\t\t\t\t<\/div>\n\t\t\t\t<\/div>\n\t\t\t\t<\/div>\n\t\t","protected":false},"excerpt":{"rendered":"<p>Ottimizzazione in R&amp;S L&#8217;intelligenza artificiale per accelerare il time-to-market Nell&#8217;industria di processo, la capacit\u00e0 di ottimizzare il tempo necessario per la ricerca e lo sviluppo \u00e8 diventata fondamentale, soprattutto per le aziende che operano in mercati altamente dinamici. In un contesto chimico, ad esempio, la creazione di un nuovo polimero in modo tempestivo sta diventando [&hellip;]<\/p>\n","protected":false},"author":1,"featured_media":0,"parent":0,"menu_order":0,"comment_status":"closed","ping_status":"closed","template":"elementor_header_footer","meta":{"footnotes":""},"class_list":["post-9624","page","type-page","status-publish","hentry"],"yoast_head":"<!-- This site is optimized with the Yoast SEO plugin v26.7 - https:\/\/yoast.com\/wordpress\/plugins\/seo\/ -->\n<title>Sfruttare l&#039;intelligenza artificiale per gestire le batterie - Intellico<\/title>\n<meta name=\"robots\" content=\"index, follow, max-snippet:-1, max-image-preview:large, max-video-preview:-1\" \/>\n<link rel=\"canonical\" href=\"https:\/\/intellico.ai\/it\/sfruttare-lintelligenza-artificiale-per-gestire-le-batterie\/\" \/>\n<meta property=\"og:locale\" content=\"it_IT\" \/>\n<meta property=\"og:type\" content=\"article\" \/>\n<meta property=\"og:title\" content=\"Sfruttare l&#039;intelligenza artificiale per gestire le batterie - Intellico\" \/>\n<meta property=\"og:description\" content=\"Ottimizzazione in R&amp;S L&#8217;intelligenza artificiale per accelerare il time-to-market Nell&#8217;industria di processo, la capacit\u00e0 di ottimizzare il tempo necessario per la ricerca e lo sviluppo \u00e8 diventata fondamentale, soprattutto per le aziende che operano in mercati altamente dinamici. In un contesto chimico, ad esempio, la creazione di un nuovo polimero in modo tempestivo sta diventando [&hellip;]\" \/>\n<meta property=\"og:url\" content=\"https:\/\/intellico.ai\/it\/sfruttare-lintelligenza-artificiale-per-gestire-le-batterie\/\" \/>\n<meta property=\"og:site_name\" content=\"Intellico\" \/>\n<meta property=\"article:modified_time\" content=\"2023-03-31T13:18:35+00:00\" \/>\n<meta name=\"twitter:card\" content=\"summary_large_image\" \/>\n<meta name=\"twitter:label1\" content=\"Tempo di lettura stimato\" \/>\n\t<meta name=\"twitter:data1\" content=\"1 minuto\" \/>\n<script type=\"application\/ld+json\" class=\"yoast-schema-graph\">{\"@context\":\"https:\/\/schema.org\",\"@graph\":[{\"@type\":\"WebPage\",\"@id\":\"https:\/\/intellico.ai\/it\/sfruttare-lintelligenza-artificiale-per-gestire-le-batterie\/\",\"url\":\"https:\/\/intellico.ai\/it\/sfruttare-lintelligenza-artificiale-per-gestire-le-batterie\/\",\"name\":\"Sfruttare l'intelligenza artificiale per gestire le batterie - Intellico\",\"isPartOf\":{\"@id\":\"https:\/\/intellico.ai\/#website\"},\"datePublished\":\"2023-02-07T14:43:38+00:00\",\"dateModified\":\"2023-03-31T13:18:35+00:00\",\"breadcrumb\":{\"@id\":\"https:\/\/intellico.ai\/it\/sfruttare-lintelligenza-artificiale-per-gestire-le-batterie\/#breadcrumb\"},\"inLanguage\":\"it-IT\",\"potentialAction\":[{\"@type\":\"ReadAction\",\"target\":[\"https:\/\/intellico.ai\/it\/sfruttare-lintelligenza-artificiale-per-gestire-le-batterie\/\"]}]},{\"@type\":\"BreadcrumbList\",\"@id\":\"https:\/\/intellico.ai\/it\/sfruttare-lintelligenza-artificiale-per-gestire-le-batterie\/#breadcrumb\",\"itemListElement\":[{\"@type\":\"ListItem\",\"position\":1,\"name\":\"Home\",\"item\":\"https:\/\/intellico.ai\/it\/\"},{\"@type\":\"ListItem\",\"position\":2,\"name\":\"Sfruttare l&#8217;intelligenza artificiale per gestire le batterie\"}]},{\"@type\":\"WebSite\",\"@id\":\"https:\/\/intellico.ai\/#website\",\"url\":\"https:\/\/intellico.ai\/\",\"name\":\"Intellico\",\"description\":\"\",\"potentialAction\":[{\"@type\":\"SearchAction\",\"target\":{\"@type\":\"EntryPoint\",\"urlTemplate\":\"https:\/\/intellico.ai\/?s={search_term_string}\"},\"query-input\":{\"@type\":\"PropertyValueSpecification\",\"valueRequired\":true,\"valueName\":\"search_term_string\"}}],\"inLanguage\":\"it-IT\"}]}<\/script>\n<!-- \/ Yoast SEO plugin. -->","yoast_head_json":{"title":"Sfruttare l'intelligenza artificiale per gestire le batterie - Intellico","robots":{"index":"index","follow":"follow","max-snippet":"max-snippet:-1","max-image-preview":"max-image-preview:large","max-video-preview":"max-video-preview:-1"},"canonical":"https:\/\/intellico.ai\/it\/sfruttare-lintelligenza-artificiale-per-gestire-le-batterie\/","og_locale":"it_IT","og_type":"article","og_title":"Sfruttare l'intelligenza artificiale per gestire le batterie - Intellico","og_description":"Ottimizzazione in R&amp;S L&#8217;intelligenza artificiale per accelerare il time-to-market Nell&#8217;industria di processo, la capacit\u00e0 di ottimizzare il tempo necessario per la ricerca e lo sviluppo \u00e8 diventata fondamentale, soprattutto per le aziende che operano in mercati altamente dinamici. In un contesto chimico, ad esempio, la creazione di un nuovo polimero in modo tempestivo sta diventando [&hellip;]","og_url":"https:\/\/intellico.ai\/it\/sfruttare-lintelligenza-artificiale-per-gestire-le-batterie\/","og_site_name":"Intellico","article_modified_time":"2023-03-31T13:18:35+00:00","twitter_card":"summary_large_image","twitter_misc":{"Tempo di lettura stimato":"1 minuto"},"schema":{"@context":"https:\/\/schema.org","@graph":[{"@type":"WebPage","@id":"https:\/\/intellico.ai\/it\/sfruttare-lintelligenza-artificiale-per-gestire-le-batterie\/","url":"https:\/\/intellico.ai\/it\/sfruttare-lintelligenza-artificiale-per-gestire-le-batterie\/","name":"Sfruttare l'intelligenza artificiale per gestire le batterie - Intellico","isPartOf":{"@id":"https:\/\/intellico.ai\/#website"},"datePublished":"2023-02-07T14:43:38+00:00","dateModified":"2023-03-31T13:18:35+00:00","breadcrumb":{"@id":"https:\/\/intellico.ai\/it\/sfruttare-lintelligenza-artificiale-per-gestire-le-batterie\/#breadcrumb"},"inLanguage":"it-IT","potentialAction":[{"@type":"ReadAction","target":["https:\/\/intellico.ai\/it\/sfruttare-lintelligenza-artificiale-per-gestire-le-batterie\/"]}]},{"@type":"BreadcrumbList","@id":"https:\/\/intellico.ai\/it\/sfruttare-lintelligenza-artificiale-per-gestire-le-batterie\/#breadcrumb","itemListElement":[{"@type":"ListItem","position":1,"name":"Home","item":"https:\/\/intellico.ai\/it\/"},{"@type":"ListItem","position":2,"name":"Sfruttare l&#8217;intelligenza artificiale per gestire le batterie"}]},{"@type":"WebSite","@id":"https:\/\/intellico.ai\/#website","url":"https:\/\/intellico.ai\/","name":"Intellico","description":"","potentialAction":[{"@type":"SearchAction","target":{"@type":"EntryPoint","urlTemplate":"https:\/\/intellico.ai\/?s={search_term_string}"},"query-input":{"@type":"PropertyValueSpecification","valueRequired":true,"valueName":"search_term_string"}}],"inLanguage":"it-IT"}]}},"_links":{"self":[{"href":"https:\/\/intellico.ai\/it\/wp-json\/wp\/v2\/pages\/9624","targetHints":{"allow":["GET"]}}],"collection":[{"href":"https:\/\/intellico.ai\/it\/wp-json\/wp\/v2\/pages"}],"about":[{"href":"https:\/\/intellico.ai\/it\/wp-json\/wp\/v2\/types\/page"}],"author":[{"embeddable":true,"href":"https:\/\/intellico.ai\/it\/wp-json\/wp\/v2\/users\/1"}],"replies":[{"embeddable":true,"href":"https:\/\/intellico.ai\/it\/wp-json\/wp\/v2\/comments?post=9624"}],"version-history":[{"count":2,"href":"https:\/\/intellico.ai\/it\/wp-json\/wp\/v2\/pages\/9624\/revisions"}],"predecessor-version":[{"id":9627,"href":"https:\/\/intellico.ai\/it\/wp-json\/wp\/v2\/pages\/9624\/revisions\/9627"}],"wp:attachment":[{"href":"https:\/\/intellico.ai\/it\/wp-json\/wp\/v2\/media?parent=9624"}],"curies":[{"name":"wp","href":"https:\/\/api.w.org\/{rel}","templated":true}]}}